{"id":19429,"date":"2024-09-09T23:07:50","date_gmt":"2024-09-09T23:07:50","guid":{"rendered":"https:\/\/tusa.viewsite.link\/latin-america\/product\/crestline-bcd\/"},"modified":"2024-09-09T23:07:50","modified_gmt":"2024-09-09T23:07:50","slug":"crestline-bcd","status":"publish","type":"product","link":"https:\/\/tusa.viewsite.link\/latin-america\/es\/producto\/crestline-bcd\/","title":{"rendered":"Crestline BCD"},"content":{"rendered":"<p>Deja paso al nuevo compensador de flotabilidad fundamental de TUSA, el Crestline BC0602B. Dise\u00f1ado para uso recreativo y viajes, este chaleco es vers\u00e1til y ligero. El TUSA Crestline BC0602B est\u00e1 fabricado con el duradero material Cordura 500\/420-Denier, que es duro y resistente a la abrasi\u00f3n. Con un dise\u00f1o de chaleco envolvente, este chaleco es perfecto para buceadores de cualquier nivel. El BC0602B est\u00e1 equipado con el duradero inflador motorizado de TUSA y v\u00e1lvulas de vaciado O.P.E.V. situadas en la parte inferior derecha y en el hombro derecho.    <\/p>\n<p>&nbsp;<\/p>\n<p><strong>Dimensiones:<\/strong><\/p>\n<p>Tejido exterior: 500D CORDURA*<br \/>\nTejido Interno: Nylon 420D<br \/>\nV\u00e1lvulas de descarga: 3 (O.P.E.V. +2)<br \/>\nAnillas en D: 4 de resina<br \/>\n*CORDURA es una marca registrada de INVISTA Corporation en Estados Unidos.<br \/>\nCapacidad de elevaci\u00f3n: XS: 18. lbf.\/S: 22.5 lbf.\/M: 31.5 lbf.\/L 38.2 lbf.\/XL: 45.0 lbf<\/p>\n","protected":false},"excerpt":{"rendered":"<p>El nuevo compensador de flotabilidad fundamental de TUSA, Crestline BC0602B, est\u00e1 dise\u00f1ado para uso recreativo y viajes, y es vers\u00e1til y ligero.<\/p>\n","protected":false},"featured_media":19430,"comment_status":"closed","ping_status":"closed","template":"","meta":{"_acf_changed":false},"product_cat":[440],"product_tag":[],"class_list":{"0":"post-19429","1":"product","2":"type-product","3":"status-publish","4":"has-post-thumbnail","6":"product_cat-bcds-es","8":"first","9":"instock","10":"purchasable","11":"product-type-variable"},"acf":[],"_links":{"self":[{"href":"https:\/\/tusa.viewsite.link\/latin-america\/es\/wp-json\/wp\/v2\/product\/19429","targetHints":{"allow":["GET"]}}],"collection":[{"href":"https:\/\/tusa.viewsite.link\/latin-america\/es\/wp-json\/wp\/v2\/product"}],"about":[{"href":"https:\/\/tusa.viewsite.link\/latin-america\/es\/wp-json\/wp\/v2\/types\/product"}],"replies":[{"embeddable":true,"href":"https:\/\/tusa.viewsite.link\/latin-america\/es\/wp-json\/wp\/v2\/comments?post=19429"}],"wp:featuredmedia":[{"embeddable":true,"href":"https:\/\/tusa.viewsite.link\/latin-america\/es\/wp-json\/wp\/v2\/media\/19430"}],"wp:attachment":[{"href":"https:\/\/tusa.viewsite.link\/latin-america\/es\/wp-json\/wp\/v2\/media?parent=19429"}],"wp:term":[{"taxonomy":"product_cat","embeddable":true,"href":"https:\/\/tusa.viewsite.link\/latin-america\/es\/wp-json\/wp\/v2\/product_cat?post=19429"},{"taxonomy":"product_tag","embeddable":true,"href":"https:\/\/tusa.viewsite.link\/latin-america\/es\/wp-json\/wp\/v2\/product_tag?post=19429"}],"curies":[{"name":"wp","href":"https:\/\/api.w.org\/{rel}","templated":true}]}}