{"id":19376,"date":"2024-09-09T23:07:50","date_gmt":"2024-09-09T23:07:50","guid":{"rendered":"https:\/\/tusa.viewsite.link\/latin-america\/product\/ayuda-a-la-purga-activa\/"},"modified":"2024-09-09T23:07:50","modified_gmt":"2024-09-09T23:07:50","slug":"ayuda-a-la-purga-activa","status":"publish","type":"product","link":"https:\/\/tusa.viewsite.link\/latin-america\/es\/producto\/ayuda-a-la-purga-activa\/","title":{"rendered":"Ayuda a la purga activa"},"content":{"rendered":"<p>El sistema de asistencia activa a la purga (APA) de TUSA es una nueva y revolucionaria tecnolog\u00eda de accesorios para chalecos. Este sistema de purga asistida neum\u00e1ticamente y la v\u00e1lvula de escape de sobrepresi\u00f3n (OPEV) de nuevo dise\u00f1o ofrecen caudales significativamente superiores a los de un sistema de inflado est\u00e1ndar, lo que permite una respuesta inmediata de purga e inflado. Adem\u00e1s, el APA es incre\u00edblemente aerodin\u00e1mico, lo que reduce la resistencia y el volumen. El sistema est\u00e1 dise\u00f1ado para que requiera poco mantenimiento y sea f\u00e1cil de cuidar, lo que reduce las aver\u00edas del inflador, y es un accesorio de recambio complementario en la mayor\u00eda de los chalecos TUSA.   <\/p>\n<p>El dise\u00f1o ergon\u00f3mico APA se adapta c\u00f3modamente a la mano al recortar la flotabilidad bajo el agua. Tiene un mecanismo de vaciado por tracci\u00f3n activado por cable, que permite al buceador tirar hacia abajo del inflador para vaciar r\u00e1pidamente el aire cuando sea necesario. La manguera ondulada tiene clips para dirigir la manguera de baja presi\u00f3n procedente de tu regulador de primera etapa, a fin de reducir a\u00fan m\u00e1s la resistencia y aumentar el perfil aerodin\u00e1mico al bucear. De forma exclusiva, el sistema puede montarse en el chaleco de varias maneras, entre ellas:<br \/>\n1. Tradicional, por encima del hombro<br \/>\n2. Por debajo del brazo, colocado en el bolsillo\/bolsillo. 2. Bajo el brazo, colocado en el bolsillo\/cadera*<br \/>\n3. Bajo el brazo, colocado en el centro de la cadera. Bajo el brazo, colocado en el centro del pecho \u2013 Ideal para buceadores discapacitados*<br \/>\n*Requiere la correa de montaje TC-753 (ver SKU: TBTTC753)   <\/p>\n<p>&nbsp;<\/p>\n<p><strong>Dimensiones:<\/strong><\/p>\n<p>Peso del producto: 0,34 kg \/ 0,75 lbs<\/p>\n","protected":false},"excerpt":{"rendered":"<p>El sistema Active Purge Assist de TUSA es una revolucionaria tecnolog\u00eda de accesorios para chalecos. Este sistema de purga asistida neum\u00e1ticamente y OPEV de nuevo dise\u00f1o ofrece caudales mejorados, lo que permite una respuesta inmediata de purga e inflado. <\/p>\n","protected":false},"featured_media":19377,"comment_status":"closed","ping_status":"closed","template":"","meta":{"_acf_changed":false},"product_cat":[440],"product_tag":[],"class_list":{"0":"post-19376","1":"product","2":"type-product","3":"status-publish","4":"has-post-thumbnail","6":"product_cat-bcds-es","8":"first","9":"instock","10":"purchasable","11":"product-type-simple"},"acf":[],"_links":{"self":[{"href":"https:\/\/tusa.viewsite.link\/latin-america\/es\/wp-json\/wp\/v2\/product\/19376","targetHints":{"allow":["GET"]}}],"collection":[{"href":"https:\/\/tusa.viewsite.link\/latin-america\/es\/wp-json\/wp\/v2\/product"}],"about":[{"href":"https:\/\/tusa.viewsite.link\/latin-america\/es\/wp-json\/wp\/v2\/types\/product"}],"replies":[{"embeddable":true,"href":"https:\/\/tusa.viewsite.link\/latin-america\/es\/wp-json\/wp\/v2\/comments?post=19376"}],"wp:featuredmedia":[{"embeddable":true,"href":"https:\/\/tusa.viewsite.link\/latin-america\/es\/wp-json\/wp\/v2\/media\/19377"}],"wp:attachment":[{"href":"https:\/\/tusa.viewsite.link\/latin-america\/es\/wp-json\/wp\/v2\/media?parent=19376"}],"wp:term":[{"taxonomy":"product_cat","embeddable":true,"href":"https:\/\/tusa.viewsite.link\/latin-america\/es\/wp-json\/wp\/v2\/product_cat?post=19376"},{"taxonomy":"product_tag","embeddable":true,"href":"https:\/\/tusa.viewsite.link\/latin-america\/es\/wp-json\/wp\/v2\/product_tag?post=19376"}],"curies":[{"name":"wp","href":"https:\/\/api.w.org\/{rel}","templated":true}]}}