{"id":19304,"date":"2024-09-09T23:08:00","date_gmt":"2024-09-09T23:08:00","guid":{"rendered":"https:\/\/tusa.viewsite.link\/latin-america\/product\/mascarilla-imprex-3d-hyperdry\/"},"modified":"2024-09-09T23:08:00","modified_gmt":"2024-09-09T23:08:00","slug":"mascarilla-imprex-3d-hyperdry","status":"publish","type":"product","link":"https:\/\/tusa.viewsite.link\/latin-america\/es\/producto\/mascarilla-imprex-3d-hyperdry\/","title":{"rendered":"Mascarilla Imprex 3D Hyperdry"},"content":{"rendered":"<p>La m\u00e1scara M-32 Imprex 3D Hyperdry es un redise\u00f1o de la muy popular TM-8000Q Imprex Hyperdry de TUSA, pero con varias mejoras clave. La M-32 incorpora el sistema patentado Hyperdry de TUSA, que permite limpiar la mascarilla f\u00e1cilmente y sin complicaciones con una sola exhalaci\u00f3n. Adem\u00e1s, la Imprex 3D Hyperdry incorpora ventanas laterales para mejorar la visi\u00f3n panor\u00e1mica y perif\u00e9rica y el fald\u00f3n de bordes redondeados patentado de TUSA para mayor comodidad y ajuste. Como todas las m\u00e1scaras TUSA, la M-32 ofrece una amplia gama de caracter\u00edsticas para mejorar la comodidad y proporcionar claridad de visi\u00f3n bajo el agua.   <\/p>\n<p>&nbsp;<\/p>\n<p><strong>Dimensiones:<\/strong><\/p>\n<p>Volumen interno:<br \/>\n Dimensiones del marco: 3,9 x 7,7 x 4,7 pulgadas<br \/>\n Dimensiones de ajuste:<br \/>\n Peso:<\/p>\n","protected":false},"excerpt":{"rendered":"<p>La m\u00e1scara Imprex 3D Hyperdry utiliza el sistema patentado Hyperdry de TUSA, que permite limpiar la m\u00e1scara f\u00e1cilmente con una sola exhalaci\u00f3n.<\/p>\n","protected":false},"featured_media":13237,"comment_status":"closed","ping_status":"closed","template":"","meta":{"_acf_changed":false},"product_cat":[436],"product_tag":[],"class_list":{"0":"post-19304","1":"product","2":"type-product","3":"status-publish","4":"has-post-thumbnail","6":"product_cat-mascaras-es","8":"first","9":"instock","10":"purchasable","11":"product-type-variable"},"acf":[],"_links":{"self":[{"href":"https:\/\/tusa.viewsite.link\/latin-america\/es\/wp-json\/wp\/v2\/product\/19304","targetHints":{"allow":["GET"]}}],"collection":[{"href":"https:\/\/tusa.viewsite.link\/latin-america\/es\/wp-json\/wp\/v2\/product"}],"about":[{"href":"https:\/\/tusa.viewsite.link\/latin-america\/es\/wp-json\/wp\/v2\/types\/product"}],"replies":[{"embeddable":true,"href":"https:\/\/tusa.viewsite.link\/latin-america\/es\/wp-json\/wp\/v2\/comments?post=19304"}],"wp:featuredmedia":[{"embeddable":true,"href":"https:\/\/tusa.viewsite.link\/latin-america\/es\/wp-json\/wp\/v2\/media\/13237"}],"wp:attachment":[{"href":"https:\/\/tusa.viewsite.link\/latin-america\/es\/wp-json\/wp\/v2\/media?parent=19304"}],"wp:term":[{"taxonomy":"product_cat","embeddable":true,"href":"https:\/\/tusa.viewsite.link\/latin-america\/es\/wp-json\/wp\/v2\/product_cat?post=19304"},{"taxonomy":"product_tag","embeddable":true,"href":"https:\/\/tusa.viewsite.link\/latin-america\/es\/wp-json\/wp\/v2\/product_tag?post=19304"}],"curies":[{"name":"wp","href":"https:\/\/api.w.org\/{rel}","templated":true}]}}