{"id":19264,"date":"2024-09-09T23:08:00","date_gmt":"2024-09-09T23:08:00","guid":{"rendered":"https:\/\/tusa.viewsite.link\/latin-america\/product\/mascara-ino-con-correa-de-tela\/"},"modified":"2024-09-09T23:08:00","modified_gmt":"2024-09-09T23:08:00","slug":"mascara-ino-con-correa-de-tela","status":"publish","type":"product","link":"https:\/\/tusa.viewsite.link\/latin-america\/es\/producto\/mascara-ino-con-correa-de-tela\/","title":{"rendered":"M\u00e1scara Ino con correa de tela"},"content":{"rendered":"<p>La M\u00e1scara Ino es ideal para rostros peque\u00f1os gracias a su dise\u00f1o de una sola ventana, un amplio campo de visi\u00f3n y un volumen reducido. Es c\u00f3moda para buceadores de cualquier nivel y estilo.  La Correa de tela para m\u00e1scara a\u00f1ade un nuevo nivel de comodidad a la experiencia de buceo. El agarre antideslizante y el ajuste sencillo garantizan un ajuste ce\u00f1ido a la parte posterior de la cabeza. El sujetaesn\u00f3rquel garantiza una colocaci\u00f3n segura. Ahora disponible con correa de tela.  <\/p>\n<p>&nbsp;<\/p>\n<p><strong>Dimensiones:<\/strong><\/p>\n","protected":false},"excerpt":{"rendered":"<p>La M\u00e1scara Ino es ideal para rostros peque\u00f1os gracias a su dise\u00f1o de una sola ventana, su amplio campo de visi\u00f3n y su bajo volumen. Ahora con una correa de tela.<\/p>\n","protected":false},"featured_media":13373,"comment_status":"closed","ping_status":"closed","template":"","meta":{"_acf_changed":false},"product_cat":[436],"product_tag":[],"class_list":{"0":"post-19264","1":"product","2":"type-product","3":"status-publish","4":"has-post-thumbnail","6":"product_cat-mascaras-es","8":"first","9":"instock","10":"purchasable","11":"product-type-variable"},"acf":[],"_links":{"self":[{"href":"https:\/\/tusa.viewsite.link\/latin-america\/es\/wp-json\/wp\/v2\/product\/19264","targetHints":{"allow":["GET"]}}],"collection":[{"href":"https:\/\/tusa.viewsite.link\/latin-america\/es\/wp-json\/wp\/v2\/product"}],"about":[{"href":"https:\/\/tusa.viewsite.link\/latin-america\/es\/wp-json\/wp\/v2\/types\/product"}],"replies":[{"embeddable":true,"href":"https:\/\/tusa.viewsite.link\/latin-america\/es\/wp-json\/wp\/v2\/comments?post=19264"}],"wp:featuredmedia":[{"embeddable":true,"href":"https:\/\/tusa.viewsite.link\/latin-america\/es\/wp-json\/wp\/v2\/media\/13373"}],"wp:attachment":[{"href":"https:\/\/tusa.viewsite.link\/latin-america\/es\/wp-json\/wp\/v2\/media?parent=19264"}],"wp:term":[{"taxonomy":"product_cat","embeddable":true,"href":"https:\/\/tusa.viewsite.link\/latin-america\/es\/wp-json\/wp\/v2\/product_cat?post=19264"},{"taxonomy":"product_tag","embeddable":true,"href":"https:\/\/tusa.viewsite.link\/latin-america\/es\/wp-json\/wp\/v2\/product_tag?post=19264"}],"curies":[{"name":"wp","href":"https:\/\/api.w.org\/{rel}","templated":true}]}}