{"id":19166,"date":"2024-09-09T23:08:00","date_gmt":"2024-09-09T23:08:00","guid":{"rendered":"https:\/\/tusa.viewsite.link\/latin-america\/product\/mini-cuchillo-hoja-punta-caida\/"},"modified":"2024-09-09T23:08:00","modified_gmt":"2024-09-09T23:08:00","slug":"mini-cuchillo-hoja-punta-caida","status":"publish","type":"product","link":"https:\/\/tusa.viewsite.link\/latin-america\/es\/producto\/mini-cuchillo-hoja-punta-caida\/","title":{"rendered":"Mini-cuchillo Hoja Punta Ca\u00edda"},"content":{"rendered":"<p>La minicuchilla FK-10\/11 es una cuchilla compacta y ligera que se acopla f\u00e1cilmente a un BCJ o a una manguera de man\u00f3metro para facilitar el acceso. A\u00f1ade el accesorio para cuchillas TC-752 para montar la FK-10\/11 en un BC equipado con arandelas para cuchillas. <\/p>\n<p>&nbsp;<\/p>\n<p><strong>Dimensiones:<\/strong><\/p>\n<p>Longitud de la hoja: 2 7\/8&#8243;\/7cm<br \/>\nLongitud total: 6 3\/8&#8243;\/16cm<\/p>\n","protected":false},"excerpt":{"rendered":"<p>La Minicuchilla FK-10 es una cuchilla compacta y ligera que se acopla f\u00e1cilmente a un BCJ o a una manguera de man\u00f3metro para facilitar el acceso.<\/p>\n","protected":false},"featured_media":19167,"comment_status":"closed","ping_status":"closed","template":"","meta":{"_acf_changed":false},"product_cat":[438],"product_tag":[],"class_list":{"0":"post-19166","1":"product","2":"type-product","3":"status-publish","4":"has-post-thumbnail","6":"product_cat-cuchillos","8":"first","9":"instock","10":"purchasable","11":"product-type-variable"},"acf":[],"_links":{"self":[{"href":"https:\/\/tusa.viewsite.link\/latin-america\/es\/wp-json\/wp\/v2\/product\/19166","targetHints":{"allow":["GET"]}}],"collection":[{"href":"https:\/\/tusa.viewsite.link\/latin-america\/es\/wp-json\/wp\/v2\/product"}],"about":[{"href":"https:\/\/tusa.viewsite.link\/latin-america\/es\/wp-json\/wp\/v2\/types\/product"}],"replies":[{"embeddable":true,"href":"https:\/\/tusa.viewsite.link\/latin-america\/es\/wp-json\/wp\/v2\/comments?post=19166"}],"wp:featuredmedia":[{"embeddable":true,"href":"https:\/\/tusa.viewsite.link\/latin-america\/es\/wp-json\/wp\/v2\/media\/19167"}],"wp:attachment":[{"href":"https:\/\/tusa.viewsite.link\/latin-america\/es\/wp-json\/wp\/v2\/media?parent=19166"}],"wp:term":[{"taxonomy":"product_cat","embeddable":true,"href":"https:\/\/tusa.viewsite.link\/latin-america\/es\/wp-json\/wp\/v2\/product_cat?post=19166"},{"taxonomy":"product_tag","embeddable":true,"href":"https:\/\/tusa.viewsite.link\/latin-america\/es\/wp-json\/wp\/v2\/product_tag?post=19166"}],"curies":[{"name":"wp","href":"https:\/\/api.w.org\/{rel}","templated":true}]}}