{"id":18779,"date":"2024-09-09T23:08:41","date_gmt":"2024-09-09T23:08:41","guid":{"rendered":"https:\/\/tusa.viewsite.link\/latin-america\/product\/consola-platina-analogica-de-2-indicadores\/"},"modified":"2024-09-09T23:08:41","modified_gmt":"2024-09-09T23:08:41","slug":"consola-platina-analogica-de-2-indicadores","status":"publish","type":"product","link":"https:\/\/tusa.viewsite.link\/latin-america\/es\/producto\/consola-platina-analogica-de-2-indicadores\/","title":{"rendered":"Consola Platina Anal\u00f3gica de 2 Indicadores"},"content":{"rendered":"<p>La consola SCA-280 presenta un maletero y unos indicadores redise\u00f1ados. La consola SCA-280 presenta un maletero y unos man\u00f3metros redise\u00f1ados. La SCA-280 est\u00e1 equipada con un man\u00f3metro de 5000psi\/400bar (4350psi\/300bar m\u00e1x.) para una visualizaci\u00f3n precisa en de la presi\u00f3n de aire restante. El profund\u00edmetro de 200 pies\/60 m incorpora un indicador de profundidad m\u00e1xima para mayor seguridad y comodidad, junto con un indicador de temperatura. El indicador de profundidad m\u00e1xima leer\u00e1 la parte m\u00e1s profunda de la inmersi\u00f3n, aunque el buceador ya no se encuentre a esa profundidad. Dise\u00f1ado con precisi\u00f3n seg\u00fan las normas m\u00e1s exigentes y con una calidad insuperable. Una elecci\u00f3n excelente tanto para los buceadores principiantes como para los experimentados como man\u00f3metro complementario del ordenador. Ambos man\u00f3metros incorporan diales luminiscentes de almacenamiento de luz que son muy legibles en condiciones de oscuridad o baja visibilidad. Toda la esfera brilla lo suficiente para que sea ideal para el buceo nocturno o en zonas oscuras, pero no contiene materiales radiactivos.      <\/p>\n<p>&nbsp;<\/p>\n<p><strong>Dimensiones:<\/strong><\/p>\n<p>Dimensiones: 6,9 pulg. x 2,8 pulg.<br \/>\n 175 mm x 70 mm<\/p>\n","protected":false},"excerpt":{"rendered":"<p>La consola SCA-280 presenta un maletero y unos indicadores redise\u00f1ados.<\/p>\n","protected":false},"featured_media":13602,"comment_status":"closed","ping_status":"closed","template":"","meta":{"_acf_changed":false},"product_cat":[429],"product_tag":[],"class_list":{"0":"post-18779","1":"product","2":"type-product","3":"status-publish","4":"has-post-thumbnail","6":"product_cat-instrumentos","8":"first","9":"instock","10":"purchasable","11":"product-type-variable"},"acf":[],"_links":{"self":[{"href":"https:\/\/tusa.viewsite.link\/latin-america\/es\/wp-json\/wp\/v2\/product\/18779","targetHints":{"allow":["GET"]}}],"collection":[{"href":"https:\/\/tusa.viewsite.link\/latin-america\/es\/wp-json\/wp\/v2\/product"}],"about":[{"href":"https:\/\/tusa.viewsite.link\/latin-america\/es\/wp-json\/wp\/v2\/types\/product"}],"replies":[{"embeddable":true,"href":"https:\/\/tusa.viewsite.link\/latin-america\/es\/wp-json\/wp\/v2\/comments?post=18779"}],"wp:featuredmedia":[{"embeddable":true,"href":"https:\/\/tusa.viewsite.link\/latin-america\/es\/wp-json\/wp\/v2\/media\/13602"}],"wp:attachment":[{"href":"https:\/\/tusa.viewsite.link\/latin-america\/es\/wp-json\/wp\/v2\/media?parent=18779"}],"wp:term":[{"taxonomy":"product_cat","embeddable":true,"href":"https:\/\/tusa.viewsite.link\/latin-america\/es\/wp-json\/wp\/v2\/product_cat?post=18779"},{"taxonomy":"product_tag","embeddable":true,"href":"https:\/\/tusa.viewsite.link\/latin-america\/es\/wp-json\/wp\/v2\/product_tag?post=18779"}],"curies":[{"name":"wp","href":"https:\/\/api.w.org\/{rel}","templated":true}]}}