{"id":18747,"date":"2024-09-09T23:08:41","date_gmt":"2024-09-09T23:08:41","guid":{"rendered":"https:\/\/tusa.viewsite.link\/latin-america\/product\/sca-230t\/"},"modified":"2024-09-09T23:08:41","modified_gmt":"2024-09-09T23:08:41","slug":"sca-230t","status":"publish","type":"product","link":"https:\/\/tusa.viewsite.link\/latin-america\/es\/producto\/sca-230t\/","title":{"rendered":"SCA-230T"},"content":{"rendered":"<p>Una consola de 2 man\u00f3metros compacta y ligera, la SCA 230T proporciona toda la informaci\u00f3n de buceo que necesitas en un tama\u00f1o mini Este modelo incorpora un man\u00f3metro anal\u00f3gico de 400 bares y un profund\u00edmetro de 70 m, y est\u00e1 dise\u00f1ado y fabricado conforme a los estrictos est\u00e1ndares de calidad y rendimiento de TUSA La SCA 230T es un complemento ideal para los buceadores que utilizan un ordenador de buceo de mu\u00f1eca como el IQ 700 y el IQ 800 como el IQ 700 y el IQ 800 Caracter\u00edsticas Tama\u00f1o reducido Dise\u00f1o ligero y fiable Mini consola de 2 man\u00f3metros que incluye un man\u00f3metro de profundidad y un man\u00f3metro de alta presi\u00f3n La esfera luminiscente es f\u00e1cil de leer en la oscuridad o con poca visibilidad Esfera de colores para facilitar la lectura Man\u00f3metro de presi\u00f3n de 400 bares y man\u00f3metro de profundidad de 70 m Pr\u00e1ctica l\u00ednea de corriente para un menor arrastre Colores Negro<\/p>\n<p>&nbsp;<\/p>\n<p><strong>Dimensiones:<\/strong><\/p>\n<p>Dimensiones: 7,1 pulg. x 2,2 pulg.<br \/>\n 180 mm x 55 mm<\/p>\n","protected":false},"excerpt":{"rendered":"<p>Consola compacta y ligera de 2 man\u00f3metros, la SCA-230T proporciona toda la informaci\u00f3n de buceo que necesitas, en un tama\u00f1o mini.<\/p>\n","protected":false},"featured_media":14100,"comment_status":"closed","ping_status":"closed","template":"","meta":{"_acf_changed":false},"product_cat":[429],"product_tag":[],"class_list":{"0":"post-18747","1":"product","2":"type-product","3":"status-publish","4":"has-post-thumbnail","6":"product_cat-instrumentos","8":"first","9":"instock","10":"purchasable","11":"product-type-variable"},"acf":[],"_links":{"self":[{"href":"https:\/\/tusa.viewsite.link\/latin-america\/es\/wp-json\/wp\/v2\/product\/18747","targetHints":{"allow":["GET"]}}],"collection":[{"href":"https:\/\/tusa.viewsite.link\/latin-america\/es\/wp-json\/wp\/v2\/product"}],"about":[{"href":"https:\/\/tusa.viewsite.link\/latin-america\/es\/wp-json\/wp\/v2\/types\/product"}],"replies":[{"embeddable":true,"href":"https:\/\/tusa.viewsite.link\/latin-america\/es\/wp-json\/wp\/v2\/comments?post=18747"}],"wp:featuredmedia":[{"embeddable":true,"href":"https:\/\/tusa.viewsite.link\/latin-america\/es\/wp-json\/wp\/v2\/media\/14100"}],"wp:attachment":[{"href":"https:\/\/tusa.viewsite.link\/latin-america\/es\/wp-json\/wp\/v2\/media?parent=18747"}],"wp:term":[{"taxonomy":"product_cat","embeddable":true,"href":"https:\/\/tusa.viewsite.link\/latin-america\/es\/wp-json\/wp\/v2\/product_cat?post=18747"},{"taxonomy":"product_tag","embeddable":true,"href":"https:\/\/tusa.viewsite.link\/latin-america\/es\/wp-json\/wp\/v2\/product_tag?post=18747"}],"curies":[{"name":"wp","href":"https:\/\/api.w.org\/{rel}","templated":true}]}}