{"id":18744,"date":"2024-09-09T23:08:41","date_gmt":"2024-09-09T23:08:41","guid":{"rendered":"https:\/\/tusa.viewsite.link\/latin-america\/product\/manometro-imprex\/"},"modified":"2024-09-09T23:08:41","modified_gmt":"2024-09-09T23:08:41","slug":"manometro-imprex","status":"publish","type":"product","link":"https:\/\/tusa.viewsite.link\/latin-america\/es\/producto\/manometro-imprex\/","title":{"rendered":"Man\u00f3metro Imprex"},"content":{"rendered":"<p>El SCA-150 es un man\u00f3metro de alta resistencia ideal para buceadores que utilizan un ordenador de buceo de mu\u00f1eca como el IQ-650, el IQ-750 y el IQ-900. La consola proporciona presi\u00f3n de aire y temperatura continuas en una funda de goma de perfil bajo. El man\u00f3metro incorpora una esfera luminosa de almacenamiento que resulta muy legible en condiciones de oscuridad o baja visibilidad. Toda la esfera brilla lo suficiente como para hacerla ideal para el buceo nocturno o en zonas oscuras, pero no contiene materiales radiactivos.   <\/p>\n<p>&nbsp;<\/p>\n<p><strong>Dimensiones:<\/strong><\/p>\n<p>Dimensiones: 4,4 pulg. x 2,6 pulg.<br \/>\n 113 mm x 65 mm<\/p>\n","protected":false},"excerpt":{"rendered":"<p>El SCA-150 es un man\u00f3metro de alta resistencia ideal para buceadores que utilizan un ordenador de buceo de mu\u00f1eca como el IQ-650, el IQ-750 y el IQ-900<\/p>\n","protected":false},"featured_media":13599,"comment_status":"closed","ping_status":"closed","template":"","meta":{"_acf_changed":false},"product_cat":[429],"product_tag":[],"class_list":{"0":"post-18744","1":"product","2":"type-product","3":"status-publish","4":"has-post-thumbnail","6":"product_cat-instrumentos","8":"first","9":"instock","10":"purchasable","11":"product-type-variable"},"acf":[],"_links":{"self":[{"href":"https:\/\/tusa.viewsite.link\/latin-america\/es\/wp-json\/wp\/v2\/product\/18744","targetHints":{"allow":["GET"]}}],"collection":[{"href":"https:\/\/tusa.viewsite.link\/latin-america\/es\/wp-json\/wp\/v2\/product"}],"about":[{"href":"https:\/\/tusa.viewsite.link\/latin-america\/es\/wp-json\/wp\/v2\/types\/product"}],"replies":[{"embeddable":true,"href":"https:\/\/tusa.viewsite.link\/latin-america\/es\/wp-json\/wp\/v2\/comments?post=18744"}],"wp:featuredmedia":[{"embeddable":true,"href":"https:\/\/tusa.viewsite.link\/latin-america\/es\/wp-json\/wp\/v2\/media\/13599"}],"wp:attachment":[{"href":"https:\/\/tusa.viewsite.link\/latin-america\/es\/wp-json\/wp\/v2\/media?parent=18744"}],"wp:term":[{"taxonomy":"product_cat","embeddable":true,"href":"https:\/\/tusa.viewsite.link\/latin-america\/es\/wp-json\/wp\/v2\/product_cat?post=18744"},{"taxonomy":"product_tag","embeddable":true,"href":"https:\/\/tusa.viewsite.link\/latin-america\/es\/wp-json\/wp\/v2\/product_tag?post=18744"}],"curies":[{"name":"wp","href":"https:\/\/api.w.org\/{rel}","templated":true}]}}