{"id":18659,"date":"2024-09-09T23:08:56","date_gmt":"2024-09-09T23:08:56","guid":{"rendered":"https:\/\/tusa.viewsite.link\/latin-america\/product\/tubo-de-buceo-platina-ii-hyperdry\/"},"modified":"2024-09-09T23:08:56","modified_gmt":"2024-09-09T23:08:56","slug":"tubo-de-buceo-platina-ii-hyperdry","status":"publish","type":"product","link":"https:\/\/tusa.viewsite.link\/latin-america\/es\/producto\/tubo-de-buceo-platina-ii-hyperdry\/","title":{"rendered":"Tubo de buceo Platina II Hyperdry"},"content":{"rendered":"<p>El esn\u00f3rquel SP-170 Platina II Hyperdry es el primer esn\u00f3rquel semiseco de TUSA que incorpora varias caracter\u00edsticas, como el sistema patentado Hyperdry System, que lo convierten en uno de los esn\u00f3rquels m\u00e1s elegantes y con m\u00e1s funciones del mercado.<\/p>\n<p>&nbsp;<\/p>\n<p><strong>Dimensiones:<\/strong><\/p>\n<p>Volumen interno: 9,2 ci \/ 150 cc<br \/>\n Dimensiones: 16,7 in x 4,3 in \/ 425 mm x 110 mm<br \/>\n Peso: 5,7 oz \/ 163 g<\/p>\n","protected":false},"excerpt":{"rendered":"<p>El esn\u00f3rquel SP-170 Platina II Hyperdry es el mejor esn\u00f3rquel semiseco de TUSA<\/p>\n","protected":false},"featured_media":13405,"comment_status":"closed","ping_status":"closed","template":"","meta":{"_acf_changed":false},"product_cat":[431],"product_tag":[],"class_list":{"0":"post-18659","1":"product","2":"type-product","3":"status-publish","4":"has-post-thumbnail","6":"product_cat-tubos-de-buceo-es","8":"first","9":"instock","10":"purchasable","11":"product-type-variable"},"acf":[],"_links":{"self":[{"href":"https:\/\/tusa.viewsite.link\/latin-america\/es\/wp-json\/wp\/v2\/product\/18659","targetHints":{"allow":["GET"]}}],"collection":[{"href":"https:\/\/tusa.viewsite.link\/latin-america\/es\/wp-json\/wp\/v2\/product"}],"about":[{"href":"https:\/\/tusa.viewsite.link\/latin-america\/es\/wp-json\/wp\/v2\/types\/product"}],"replies":[{"embeddable":true,"href":"https:\/\/tusa.viewsite.link\/latin-america\/es\/wp-json\/wp\/v2\/comments?post=18659"}],"wp:featuredmedia":[{"embeddable":true,"href":"https:\/\/tusa.viewsite.link\/latin-america\/es\/wp-json\/wp\/v2\/media\/13405"}],"wp:attachment":[{"href":"https:\/\/tusa.viewsite.link\/latin-america\/es\/wp-json\/wp\/v2\/media?parent=18659"}],"wp:term":[{"taxonomy":"product_cat","embeddable":true,"href":"https:\/\/tusa.viewsite.link\/latin-america\/es\/wp-json\/wp\/v2\/product_cat?post=18659"},{"taxonomy":"product_tag","embeddable":true,"href":"https:\/\/tusa.viewsite.link\/latin-america\/es\/wp-json\/wp\/v2\/product_tag?post=18659"}],"curies":[{"name":"wp","href":"https:\/\/api.w.org\/{rel}","templated":true}]}}