{"id":18653,"date":"2024-09-09T23:08:56","date_gmt":"2024-09-09T23:08:56","guid":{"rendered":"https:\/\/tusa.viewsite.link\/latin-america\/product\/chaleco-de-snorkel-juvenil\/"},"modified":"2024-09-09T23:08:56","modified_gmt":"2024-09-09T23:08:56","slug":"chaleco-de-snorkel-juvenil","status":"publish","type":"product","link":"https:\/\/tusa.viewsite.link\/latin-america\/es\/producto\/chaleco-de-snorkel-juvenil\/","title":{"rendered":"Chaleco de snorkel (juvenil)"},"content":{"rendered":"<p>Los chalecos de snorkel SV-4500 y SV-2500 proporcionan la flotabilidad, seguridad y comodidad suficientes para un largo d\u00eda de snorkel sin fatiga. El SV-4500 es de tama\u00f1o adulto y el SV-2500 es de tama\u00f1o juvenil. F\u00e1ciles de desinflar o inflar en el agua, o en tierra para enrollarlos y guardarlos de forma compacta durante los viajes.  <\/p>\n<p>&nbsp;<\/p>\n<p><strong>Dimensiones:<\/strong><\/p>\n<p>Tejido: Nylon (210 Denier), recubierto de PU<br \/>\n Dimensiones: 37,5 x 59,1 pulg.<br \/>\n 95 x 150 cm<\/p>\n<p> Flotabilidad: 12,0 lbs \/ 5,4 kg<\/p>\n","protected":false},"excerpt":{"rendered":"<p>El chaleco de snorkel SV-2500 proporciona la flotabilidad, seguridad y comodidad suficientes para un largo d\u00eda de snorkel sin fatiga.<\/p>\n","protected":false},"featured_media":13835,"comment_status":"closed","ping_status":"closed","template":"","meta":{"_acf_changed":false},"product_cat":[428],"product_tag":[],"class_list":{"0":"post-18653","1":"product","2":"type-product","3":"status-publish","4":"has-post-thumbnail","6":"product_cat-accesorios-es-2","8":"first","9":"instock","10":"purchasable","11":"product-type-simple"},"acf":[],"_links":{"self":[{"href":"https:\/\/tusa.viewsite.link\/latin-america\/es\/wp-json\/wp\/v2\/product\/18653","targetHints":{"allow":["GET"]}}],"collection":[{"href":"https:\/\/tusa.viewsite.link\/latin-america\/es\/wp-json\/wp\/v2\/product"}],"about":[{"href":"https:\/\/tusa.viewsite.link\/latin-america\/es\/wp-json\/wp\/v2\/types\/product"}],"replies":[{"embeddable":true,"href":"https:\/\/tusa.viewsite.link\/latin-america\/es\/wp-json\/wp\/v2\/comments?post=18653"}],"wp:featuredmedia":[{"embeddable":true,"href":"https:\/\/tusa.viewsite.link\/latin-america\/es\/wp-json\/wp\/v2\/media\/13835"}],"wp:attachment":[{"href":"https:\/\/tusa.viewsite.link\/latin-america\/es\/wp-json\/wp\/v2\/media?parent=18653"}],"wp:term":[{"taxonomy":"product_cat","embeddable":true,"href":"https:\/\/tusa.viewsite.link\/latin-america\/es\/wp-json\/wp\/v2\/product_cat?post=18653"},{"taxonomy":"product_tag","embeddable":true,"href":"https:\/\/tusa.viewsite.link\/latin-america\/es\/wp-json\/wp\/v2\/product_tag?post=18653"}],"curies":[{"name":"wp","href":"https:\/\/api.w.org\/{rel}","templated":true}]}}