{"id":18530,"date":"2024-09-09T23:09:11","date_gmt":"2024-09-09T23:09:11","guid":{"rendered":"https:\/\/tusa.viewsite.link\/latin-america\/product\/correa-de-tela-para-la-mascara\/"},"modified":"2024-09-09T23:09:11","modified_gmt":"2024-09-09T23:09:11","slug":"correa-de-tela-para-la-mascara","status":"publish","type":"product","link":"https:\/\/tusa.viewsite.link\/latin-america\/es\/producto\/correa-de-tela-para-la-mascara\/","title":{"rendered":"Correa de tela para la m\u00e1scara"},"content":{"rendered":"<p>La Correa de tela para m\u00e1scara a\u00f1ade un nuevo nivel de comodidad a la experiencia de buceo. Anti-slip grip and easy adjustment ensures a snug fit to the back of the head. The snorkel keeper ensures secure placement. <\/p>\n<p>&nbsp;<\/p>\n<p><strong>Dimensiones:<\/strong><\/p>\n<p>9,29 x 2,76 x 0,98 pulg.<\/p>\n","protected":false},"excerpt":{"rendered":"<p>La Correa de tela para m\u00e1scara a\u00f1ade un nuevo nivel de comodidad a la experiencia de buceo.<\/p>\n","protected":false},"featured_media":13681,"comment_status":"closed","ping_status":"closed","template":"","meta":{"_acf_changed":false},"product_cat":[429],"product_tag":[],"class_list":{"0":"post-18530","1":"product","2":"type-product","3":"status-publish","4":"has-post-thumbnail","6":"product_cat-instrumentos","8":"first","9":"instock","10":"purchasable","11":"product-type-variable"},"acf":[],"_links":{"self":[{"href":"https:\/\/tusa.viewsite.link\/latin-america\/es\/wp-json\/wp\/v2\/product\/18530","targetHints":{"allow":["GET"]}}],"collection":[{"href":"https:\/\/tusa.viewsite.link\/latin-america\/es\/wp-json\/wp\/v2\/product"}],"about":[{"href":"https:\/\/tusa.viewsite.link\/latin-america\/es\/wp-json\/wp\/v2\/types\/product"}],"replies":[{"embeddable":true,"href":"https:\/\/tusa.viewsite.link\/latin-america\/es\/wp-json\/wp\/v2\/comments?post=18530"}],"wp:featuredmedia":[{"embeddable":true,"href":"https:\/\/tusa.viewsite.link\/latin-america\/es\/wp-json\/wp\/v2\/media\/13681"}],"wp:attachment":[{"href":"https:\/\/tusa.viewsite.link\/latin-america\/es\/wp-json\/wp\/v2\/media?parent=18530"}],"wp:term":[{"taxonomy":"product_cat","embeddable":true,"href":"https:\/\/tusa.viewsite.link\/latin-america\/es\/wp-json\/wp\/v2\/product_cat?post=18530"},{"taxonomy":"product_tag","embeddable":true,"href":"https:\/\/tusa.viewsite.link\/latin-america\/es\/wp-json\/wp\/v2\/product_tag?post=18530"}],"curies":[{"name":"wp","href":"https:\/\/api.w.org\/{rel}","templated":true}]}}