{"id":18499,"date":"2024-09-09T23:09:11","date_gmt":"2024-09-09T23:09:11","guid":{"rendered":"https:\/\/tusa.viewsite.link\/latin-america\/product\/fondo-de-traje-para-hombre-2mm\/"},"modified":"2024-09-09T23:09:11","modified_gmt":"2024-09-09T23:09:11","slug":"fondo-de-traje-para-hombre-2mm","status":"publish","type":"product","link":"https:\/\/tusa.viewsite.link\/latin-america\/es\/producto\/fondo-de-traje-para-hombre-2mm\/","title":{"rendered":"Fondo de traje para hombre 2mm"},"content":{"rendered":"<p>El culote de traje de neopreno para hombre forma parte de nuestra l\u00ednea de ropa acu\u00e1tica de alto rendimiento. La composici\u00f3n del tejido incluye un 100% de poli\u00e9ster para el forro negro y un 100% de nailon para el forro de tejido estampado, con un grosor de 2,0 mm. La capa intermedia del tejido es de goma de cloropreno espumada.  <\/p>\n<p>&nbsp;<\/p>\n<p><strong>Dimensiones:<\/strong><\/p>\n<p>22,75 x 12,44 x 5,2 pulg.<\/p>\n","protected":false},"excerpt":{"rendered":"<p>La Camiseta de neopreno para hombre forma parte de nuestra l\u00ednea de prendas de alto rendimiento acu\u00e1tico. La composici\u00f3n del tejido incluye un 100% de poli\u00e9ster para el forro negro y un 100% de nailon para el forro de tejido estampado. <\/p>\n","protected":false},"featured_media":13842,"comment_status":"closed","ping_status":"closed","template":"","meta":{"_acf_changed":false},"product_cat":[428],"product_tag":[],"class_list":{"0":"post-18499","1":"product","2":"type-product","3":"status-publish","4":"has-post-thumbnail","6":"product_cat-accesorios-es-2","8":"first","9":"instock","10":"purchasable","11":"product-type-variable"},"acf":[],"_links":{"self":[{"href":"https:\/\/tusa.viewsite.link\/latin-america\/es\/wp-json\/wp\/v2\/product\/18499","targetHints":{"allow":["GET"]}}],"collection":[{"href":"https:\/\/tusa.viewsite.link\/latin-america\/es\/wp-json\/wp\/v2\/product"}],"about":[{"href":"https:\/\/tusa.viewsite.link\/latin-america\/es\/wp-json\/wp\/v2\/types\/product"}],"replies":[{"embeddable":true,"href":"https:\/\/tusa.viewsite.link\/latin-america\/es\/wp-json\/wp\/v2\/comments?post=18499"}],"wp:featuredmedia":[{"embeddable":true,"href":"https:\/\/tusa.viewsite.link\/latin-america\/es\/wp-json\/wp\/v2\/media\/13842"}],"wp:attachment":[{"href":"https:\/\/tusa.viewsite.link\/latin-america\/es\/wp-json\/wp\/v2\/media?parent=18499"}],"wp:term":[{"taxonomy":"product_cat","embeddable":true,"href":"https:\/\/tusa.viewsite.link\/latin-america\/es\/wp-json\/wp\/v2\/product_cat?post=18499"},{"taxonomy":"product_tag","embeddable":true,"href":"https:\/\/tusa.viewsite.link\/latin-america\/es\/wp-json\/wp\/v2\/product_tag?post=18499"}],"curies":[{"name":"wp","href":"https:\/\/api.w.org\/{rel}","templated":true}]}}