{"id":18477,"date":"2024-09-09T23:09:11","date_gmt":"2024-09-09T23:09:11","guid":{"rendered":"https:\/\/tusa.viewsite.link\/latin-america\/product\/luz-led-compacta-ancha\/"},"modified":"2024-09-09T23:09:11","modified_gmt":"2024-09-09T23:09:11","slug":"luz-led-compacta-ancha","status":"publish","type":"product","link":"https:\/\/tusa.viewsite.link\/latin-america\/es\/producto\/luz-led-compacta-ancha\/","title":{"rendered":"Luz LED compacta (ancha)"},"content":{"rendered":"<p>La TL0001 es una linterna LED compacta de 450 l\u00famenes con un \u00e1ngulo de haz de 60 grados que funciona con tres pilas AAA. La TL0001 es ideal para el buceo diurno o nocturno. La linterna ofrece 3 modos de potencia, 100%, 30% y estrobosc\u00f3pico (intermitente) con una autonom\u00eda de 105 minutos a plena potencia. El cuerpo compacto y aerodin\u00e1mico de aluminio anodizado tiene un compartimento para pilas sellado con triple junta t\u00f3rica. El interruptor magn\u00e9tico deslizante se maneja con una sola mano. La profundidad nominal es de 120 m\/400 ft.    <\/p>\n<p>&nbsp;<\/p>\n<p><strong>Dimensiones:<\/strong><\/p>\n<p>5,1 pulgadas<\/p>\n","protected":false},"excerpt":{"rendered":"<p>La TL0001 es una linterna LED compacta de 450 l\u00famenes con un \u00e1ngulo de haz de 60 grados que funciona con tres pilas AAA.<\/p>\n","protected":false},"featured_media":13615,"comment_status":"closed","ping_status":"closed","template":"","meta":{"_acf_changed":false},"product_cat":[426],"product_tag":[],"class_list":{"0":"post-18477","1":"product","2":"type-product","3":"status-publish","4":"has-post-thumbnail","6":"product_cat-luces","8":"first","9":"instock","10":"purchasable","11":"product-type-variable"},"acf":[],"_links":{"self":[{"href":"https:\/\/tusa.viewsite.link\/latin-america\/es\/wp-json\/wp\/v2\/product\/18477","targetHints":{"allow":["GET"]}}],"collection":[{"href":"https:\/\/tusa.viewsite.link\/latin-america\/es\/wp-json\/wp\/v2\/product"}],"about":[{"href":"https:\/\/tusa.viewsite.link\/latin-america\/es\/wp-json\/wp\/v2\/types\/product"}],"replies":[{"embeddable":true,"href":"https:\/\/tusa.viewsite.link\/latin-america\/es\/wp-json\/wp\/v2\/comments?post=18477"}],"wp:featuredmedia":[{"embeddable":true,"href":"https:\/\/tusa.viewsite.link\/latin-america\/es\/wp-json\/wp\/v2\/media\/13615"}],"wp:attachment":[{"href":"https:\/\/tusa.viewsite.link\/latin-america\/es\/wp-json\/wp\/v2\/media?parent=18477"}],"wp:term":[{"taxonomy":"product_cat","embeddable":true,"href":"https:\/\/tusa.viewsite.link\/latin-america\/es\/wp-json\/wp\/v2\/product_cat?post=18477"},{"taxonomy":"product_tag","embeddable":true,"href":"https:\/\/tusa.viewsite.link\/latin-america\/es\/wp-json\/wp\/v2\/product_tag?post=18477"}],"curies":[{"name":"wp","href":"https:\/\/api.w.org\/{rel}","templated":true}]}}