{"id":18315,"date":"2024-09-09T23:09:23","date_gmt":"2024-09-09T23:09:23","guid":{"rendered":"https:\/\/tusa.viewsite.link\/latin-america\/product\/visio-tri-ex-combo-adulto\/"},"modified":"2024-09-09T23:09:23","modified_gmt":"2024-09-09T23:09:23","slug":"visio-tri-ex-combo-adulto","status":"publish","type":"product","link":"https:\/\/tusa.viewsite.link\/latin-america\/es\/producto\/visio-tri-ex-combo-adulto\/","title":{"rendered":"Visio Tri-Ex Combo Adulto"},"content":{"rendered":"<p>El combo VISIO TRI-EX para adultos incluye la m\u00e1scara UM-31 Visio Tri-Ex y el tubo respirador USP-250. The UM-31 Visio Tri-Ex mask is a revolutionary 3-window design that offers an ultra-wide 168\u00b0 panoramic view. This amazingly wide viewing angle is achieved by the incorporation of domed side windows and the significant reduction of frame structure around the lenses, increasing the field of vision dramatically over traditional masks. The UM-31 mask gently conforms to the contours of your face. Constructed with Pure Silicone, this mask has been crafted for divers who want a wide front lens combined with a low volume design.    El esn\u00f3rquel seco USP-250 incorpora la tecnolog\u00eda TUSA Hyperdry Elite dry top (pat p) que impide que entre agua en el esn\u00f3rquel, una c\u00e1mara de drenaje y v\u00e1lvula de purga para facilitar la limpieza, y boquilla de silicona El UC-3125QB combina bien con nuestras aletas UF-21.<\/p>\n<p>&nbsp;<\/p>\n<p><strong>Dimensiones:<\/strong><\/p>\n<p>18 x 14 x 8 pulg.<\/p>\n","protected":false},"excerpt":{"rendered":"<p>El combo VISIO TRI-EX para adultos incluye la m\u00e1scara UM-31 Visio Tri-Ex y el tubo respirador USP-250.<\/p>\n","protected":false},"featured_media":13725,"comment_status":"closed","ping_status":"closed","template":"","meta":{"_acf_changed":false},"product_cat":[423],"product_tag":[],"class_list":{"0":"post-18315","1":"product","2":"type-product","3":"status-publish","4":"has-post-thumbnail","6":"product_cat-combos-para-adultos","8":"first","9":"instock","10":"purchasable","11":"product-type-variable"},"acf":[],"_links":{"self":[{"href":"https:\/\/tusa.viewsite.link\/latin-america\/es\/wp-json\/wp\/v2\/product\/18315","targetHints":{"allow":["GET"]}}],"collection":[{"href":"https:\/\/tusa.viewsite.link\/latin-america\/es\/wp-json\/wp\/v2\/product"}],"about":[{"href":"https:\/\/tusa.viewsite.link\/latin-america\/es\/wp-json\/wp\/v2\/types\/product"}],"replies":[{"embeddable":true,"href":"https:\/\/tusa.viewsite.link\/latin-america\/es\/wp-json\/wp\/v2\/comments?post=18315"}],"wp:featuredmedia":[{"embeddable":true,"href":"https:\/\/tusa.viewsite.link\/latin-america\/es\/wp-json\/wp\/v2\/media\/13725"}],"wp:attachment":[{"href":"https:\/\/tusa.viewsite.link\/latin-america\/es\/wp-json\/wp\/v2\/media?parent=18315"}],"wp:term":[{"taxonomy":"product_cat","embeddable":true,"href":"https:\/\/tusa.viewsite.link\/latin-america\/es\/wp-json\/wp\/v2\/product_cat?post=18315"},{"taxonomy":"product_tag","embeddable":true,"href":"https:\/\/tusa.viewsite.link\/latin-america\/es\/wp-json\/wp\/v2\/product_tag?post=18315"}],"curies":[{"name":"wp","href":"https:\/\/api.w.org\/{rel}","templated":true}]}}