{"id":18242,"date":"2024-09-09T23:09:36","date_gmt":"2024-09-09T23:09:36","guid":{"rendered":"https:\/\/tusa.viewsite.link\/latin-america\/product\/mascara-visio-tri-ex-adulto\/"},"modified":"2024-09-09T23:09:36","modified_gmt":"2024-09-09T23:09:36","slug":"mascara-visio-tri-ex-adulto","status":"publish","type":"product","link":"https:\/\/tusa.viewsite.link\/latin-america\/es\/producto\/mascara-visio-tri-ex-adulto\/","title":{"rendered":"M\u00e1scara Visio Tri-Ex Adulto"},"content":{"rendered":"<p>La m\u00e1scara UM31QB Visio Tri-Ex es un revolucionario dise\u00f1o de 3 ventanas que ofrece una visi\u00f3n panor\u00e1mica ultraamplia de 168\u00b0. This amazingly wide viewing angle is achieved by the incorporation of domed side windows and the significant reduction of frame structure around the lenses, increasing the field of vision dramatically over traditional masks. The UM31QB mask gently conforms to the contours of your face. Constructed with pure silicone, this mask has been crafted for divers who want a wide front lens combined with a low volume design.  <\/p>\n<p>&nbsp;<\/p>\n<p><strong>Dimensiones:<\/strong><\/p>\n<p>19,2 x 9,5 x 3,7 pulg.<\/p>\n","protected":false},"excerpt":{"rendered":"<p>La m\u00e1scara UM31QB Visio Tri-Ex es un revolucionario dise\u00f1o de 3 ventanas que ofrece una visi\u00f3n panor\u00e1mica ultraamplia de 168\u00b0.<\/p>\n","protected":false},"featured_media":13825,"comment_status":"closed","ping_status":"closed","template":"","meta":{"_acf_changed":false},"product_cat":[422],"product_tag":[],"class_list":{"0":"post-18242","1":"product","2":"type-product","3":"status-publish","4":"has-post-thumbnail","6":"product_cat-mascaras","8":"first","9":"instock","10":"purchasable","11":"product-type-variable"},"acf":[],"_links":{"self":[{"href":"https:\/\/tusa.viewsite.link\/latin-america\/es\/wp-json\/wp\/v2\/product\/18242","targetHints":{"allow":["GET"]}}],"collection":[{"href":"https:\/\/tusa.viewsite.link\/latin-america\/es\/wp-json\/wp\/v2\/product"}],"about":[{"href":"https:\/\/tusa.viewsite.link\/latin-america\/es\/wp-json\/wp\/v2\/types\/product"}],"replies":[{"embeddable":true,"href":"https:\/\/tusa.viewsite.link\/latin-america\/es\/wp-json\/wp\/v2\/comments?post=18242"}],"wp:featuredmedia":[{"embeddable":true,"href":"https:\/\/tusa.viewsite.link\/latin-america\/es\/wp-json\/wp\/v2\/media\/13825"}],"wp:attachment":[{"href":"https:\/\/tusa.viewsite.link\/latin-america\/es\/wp-json\/wp\/v2\/media?parent=18242"}],"wp:term":[{"taxonomy":"product_cat","embeddable":true,"href":"https:\/\/tusa.viewsite.link\/latin-america\/es\/wp-json\/wp\/v2\/product_cat?post=18242"},{"taxonomy":"product_tag","embeddable":true,"href":"https:\/\/tusa.viewsite.link\/latin-america\/es\/wp-json\/wp\/v2\/product_tag?post=18242"}],"curies":[{"name":"wp","href":"https:\/\/api.w.org\/{rel}","templated":true}]}}