{"id":18229,"date":"2024-09-09T23:09:36","date_gmt":"2024-09-09T23:09:36","guid":{"rendered":"https:\/\/tusa.viewsite.link\/latin-america\/product\/shinari\/"},"modified":"2024-09-09T23:09:36","modified_gmt":"2024-09-09T23:09:36","slug":"shinari","status":"publish","type":"product","link":"https:\/\/tusa.viewsite.link\/latin-america\/es\/producto\/shinari\/","title":{"rendered":"Shinari"},"content":{"rendered":"<p>Race in style and comfort with this brand new V-130A Shinari goggle. El Shinari es una construcci\u00f3n de perfil bajo de una sola pieza que une la lente y el ocular, evitando as\u00ed las fugas. The V-130A also satisfies both reduced resistance and ideal fit. Resistance is drastically reduced while maintaining ideal fit by employing the new cushion structure that buries the space between the face pad and the lens when the goggles are worn. The Shinari&#8217;s joint parts connecting the lens and buckle are made of soft materials so the goggles snuggly fit along the shape of your face and reduce the instances of the strap twisting and\/or flapping.   <br \/>[break]<\/p>\n<div style=\"text-align: center;  \"><strong>El dise\u00f1o \u00abShinari\u00bb: ajuste \u00f3ptimo para la competici\u00f3n<\/strong><\/div>\n<div style=\"text-align: center;  \"><\/div>\n<div style=\"text-align: center;  \"><img decoding=\"async\" src=\"\/popup\/images\/shinari1.jpg\" class=\"img-responsive\"><\/div>\n<div style=\"text-align: center;  \">Las zonas de uni\u00f3n entre la lente y la hebilla est\u00e1n fabricadas con materiales suaves para que las gafas se ajusten perfectamente al contorno de la cara. Se reducen dr\u00e1sticamente los casos en que la correa se retuerce o se agita bajo el agua causando resistencia. <\/div>\n<p>&nbsp;<\/p>\n<p><strong>Dimensiones:<\/strong><\/p>\n<p>6,5 x 2,2 x 1,4 pulg.<\/p>\n","protected":false},"excerpt":{"rendered":"<p>El Shinari es una construcci\u00f3n de perfil bajo de una sola pieza que une la lente y el ocular, evitando as\u00ed las fugas.<\/p>\n","protected":false},"featured_media":13949,"comment_status":"closed","ping_status":"closed","template":"","meta":{"_acf_changed":false},"product_cat":[413,421],"product_tag":[],"class_list":{"0":"post-18229","1":"product","2":"type-product","3":"status-publish","4":"has-post-thumbnail","6":"product_cat-todas-las-gafas","7":"product_cat-carreras","9":"first","10":"instock","11":"purchasable","12":"product-type-variable"},"acf":[],"_links":{"self":[{"href":"https:\/\/tusa.viewsite.link\/latin-america\/es\/wp-json\/wp\/v2\/product\/18229","targetHints":{"allow":["GET"]}}],"collection":[{"href":"https:\/\/tusa.viewsite.link\/latin-america\/es\/wp-json\/wp\/v2\/product"}],"about":[{"href":"https:\/\/tusa.viewsite.link\/latin-america\/es\/wp-json\/wp\/v2\/types\/product"}],"replies":[{"embeddable":true,"href":"https:\/\/tusa.viewsite.link\/latin-america\/es\/wp-json\/wp\/v2\/comments?post=18229"}],"wp:featuredmedia":[{"embeddable":true,"href":"https:\/\/tusa.viewsite.link\/latin-america\/es\/wp-json\/wp\/v2\/media\/13949"}],"wp:attachment":[{"href":"https:\/\/tusa.viewsite.link\/latin-america\/es\/wp-json\/wp\/v2\/media?parent=18229"}],"wp:term":[{"taxonomy":"product_cat","embeddable":true,"href":"https:\/\/tusa.viewsite.link\/latin-america\/es\/wp-json\/wp\/v2\/product_cat?post=18229"},{"taxonomy":"product_tag","embeddable":true,"href":"https:\/\/tusa.viewsite.link\/latin-america\/es\/wp-json\/wp\/v2\/product_tag?post=18229"}],"curies":[{"name":"wp","href":"https:\/\/api.w.org\/{rel}","templated":true}]}}