{"id":18222,"date":"2024-09-09T23:09:36","date_gmt":"2024-09-09T23:09:36","guid":{"rendered":"https:\/\/tusa.viewsite.link\/latin-america\/product\/mascara-completa-de-snorkel\/"},"modified":"2024-09-09T23:09:36","modified_gmt":"2024-09-09T23:09:36","slug":"mascara-completa-de-snorkel","status":"publish","type":"product","link":"https:\/\/tusa.viewsite.link\/latin-america\/es\/producto\/mascara-completa-de-snorkel\/","title":{"rendered":"M\u00e1scara completa de snorkel"},"content":{"rendered":"<p>La m\u00e1scara de esn\u00f3rquel TUSA Sport Full Face tiene un sellado \u00f3ptimo alrededor de tu nariz. El dise\u00f1o de la m\u00e1scara facial completa te permite respirar por la nariz mientras esnorqueleas para facilitar la respiraci\u00f3n. Sin molestias en la mand\u00edbula por morder una inc\u00f3moda boquilla. El tubo superior seco evita que entre agua cerrando r\u00e1pida y eficazmente la abertura del tubo. Se acabaron los problemas de empa\u00f1amiento gracias a nuestra tecnolog\u00eda de circulaci\u00f3n de aire. La ventana de 180\u00b0 es mayor que la de cualquier m\u00e1scara tradicional y aumenta tu campo de visi\u00f3n.     <\/p>\n<p>&nbsp;<\/p>\n<p><strong>Dimensiones:<\/strong><\/p>\n<p>S\/M: 4-4,5 pulg.<br \/>\n M\/L: 4,25\/5 pulg.<br \/>\n L\/XL: 4,75\/5,5 pulg.<\/p>\n","protected":false},"excerpt":{"rendered":"<p>Enorme campo de visi\u00f3n y se acab\u00f3 el empa\u00f1amiento gracias a nuestra tecnolog\u00eda de circulaci\u00f3n de aire patentada y probada de forma independiente.<\/p>\n","protected":false},"featured_media":13803,"comment_status":"closed","ping_status":"closed","template":"","meta":{"_acf_changed":false},"product_cat":[422],"product_tag":[],"class_list":{"0":"post-18222","1":"product","2":"type-product","3":"status-publish","4":"has-post-thumbnail","6":"product_cat-mascaras","8":"first","9":"instock","10":"purchasable","11":"product-type-variable"},"acf":[],"_links":{"self":[{"href":"https:\/\/tusa.viewsite.link\/latin-america\/es\/wp-json\/wp\/v2\/product\/18222","targetHints":{"allow":["GET"]}}],"collection":[{"href":"https:\/\/tusa.viewsite.link\/latin-america\/es\/wp-json\/wp\/v2\/product"}],"about":[{"href":"https:\/\/tusa.viewsite.link\/latin-america\/es\/wp-json\/wp\/v2\/types\/product"}],"replies":[{"embeddable":true,"href":"https:\/\/tusa.viewsite.link\/latin-america\/es\/wp-json\/wp\/v2\/comments?post=18222"}],"wp:featuredmedia":[{"embeddable":true,"href":"https:\/\/tusa.viewsite.link\/latin-america\/es\/wp-json\/wp\/v2\/media\/13803"}],"wp:attachment":[{"href":"https:\/\/tusa.viewsite.link\/latin-america\/es\/wp-json\/wp\/v2\/media?parent=18222"}],"wp:term":[{"taxonomy":"product_cat","embeddable":true,"href":"https:\/\/tusa.viewsite.link\/latin-america\/es\/wp-json\/wp\/v2\/product_cat?post=18222"},{"taxonomy":"product_tag","embeddable":true,"href":"https:\/\/tusa.viewsite.link\/latin-america\/es\/wp-json\/wp\/v2\/product_tag?post=18222"}],"curies":[{"name":"wp","href":"https:\/\/api.w.org\/{rel}","templated":true}]}}