{"id":18214,"date":"2024-09-09T23:09:36","date_gmt":"2024-09-09T23:09:36","guid":{"rendered":"https:\/\/tusa.viewsite.link\/latin-america\/product\/cuchilla-cero-reflejada\/"},"modified":"2024-09-09T23:09:36","modified_gmt":"2024-09-09T23:09:36","slug":"cuchilla-cero-reflejada","status":"publish","type":"product","link":"https:\/\/tusa.viewsite.link\/latin-america\/es\/producto\/cuchilla-cero-reflejada\/","title":{"rendered":"Cuchilla Cero (Reflejada)"},"content":{"rendered":"<p>La gafa V-127AMR Blade ZERO Mirrored es la gafa de nataci\u00f3n de competici\u00f3n definitiva con resistencia y arrastre reducidos. El brazo lateral en forma de V de la Blade ZERO reduce significativamente la resistencia al nadar a gran velocidad, asegurando un gran ajuste. Esto ayuda a los nadadores de competici\u00f3n a alcanzar su m\u00e1ximo rendimiento. La nueva forma curvada de la gafa Blade crea un flujo de agua m\u00e1s suave que las gafas Blade convencionales, y proporciona una baja resistencia. La gafa Blade ZERO viene con tres piezas nasales intercambiables. La correa de cabeza dividida ajustable, sencilla pero de gran calidad, permite un ajuste r\u00e1pido y f\u00e1cil.     <\/p>\n<p>&nbsp;<\/p>\n<p><strong>Dimensiones:<\/strong><\/p>\n<p>7,62 x 20,32 x 7,62 pulg.<\/p>\n","protected":false},"excerpt":{"rendered":"<p>La gafa V-127A Blade ZERO Mirrored es la gafa de nataci\u00f3n de competici\u00f3n definitiva, con resistencia y arrastre reducidos.<\/p>\n","protected":false},"featured_media":13945,"comment_status":"closed","ping_status":"closed","template":"","meta":{"_acf_changed":false},"product_cat":[413,421],"product_tag":[],"class_list":{"0":"post-18214","1":"product","2":"type-product","3":"status-publish","4":"has-post-thumbnail","6":"product_cat-todas-las-gafas","7":"product_cat-carreras","9":"first","10":"instock","11":"purchasable","12":"product-type-variable"},"acf":[],"_links":{"self":[{"href":"https:\/\/tusa.viewsite.link\/latin-america\/es\/wp-json\/wp\/v2\/product\/18214","targetHints":{"allow":["GET"]}}],"collection":[{"href":"https:\/\/tusa.viewsite.link\/latin-america\/es\/wp-json\/wp\/v2\/product"}],"about":[{"href":"https:\/\/tusa.viewsite.link\/latin-america\/es\/wp-json\/wp\/v2\/types\/product"}],"replies":[{"embeddable":true,"href":"https:\/\/tusa.viewsite.link\/latin-america\/es\/wp-json\/wp\/v2\/comments?post=18214"}],"wp:featuredmedia":[{"embeddable":true,"href":"https:\/\/tusa.viewsite.link\/latin-america\/es\/wp-json\/wp\/v2\/media\/13945"}],"wp:attachment":[{"href":"https:\/\/tusa.viewsite.link\/latin-america\/es\/wp-json\/wp\/v2\/media?parent=18214"}],"wp:term":[{"taxonomy":"product_cat","embeddable":true,"href":"https:\/\/tusa.viewsite.link\/latin-america\/es\/wp-json\/wp\/v2\/product_cat?post=18214"},{"taxonomy":"product_tag","embeddable":true,"href":"https:\/\/tusa.viewsite.link\/latin-america\/es\/wp-json\/wp\/v2\/product_tag?post=18214"}],"curies":[{"name":"wp","href":"https:\/\/api.w.org\/{rel}","templated":true}]}}