{"id":18192,"date":"2024-09-09T23:09:36","date_gmt":"2024-09-09T23:09:36","guid":{"rendered":"https:\/\/tusa.viewsite.link\/latin-america\/product\/set-de-viaje-sereno-para-adulto-blanco\/"},"modified":"2024-09-09T23:09:36","modified_gmt":"2024-09-09T23:09:36","slug":"set-de-viaje-sereno-para-adulto-blanco","status":"publish","type":"product","link":"https:\/\/tusa.viewsite.link\/latin-america\/es\/producto\/set-de-viaje-sereno-para-adulto-blanco\/","title":{"rendered":"Set de Viaje Sereno para Adulto &#8211; Blanco"},"content":{"rendered":"<p>El set de viaje para adultos SERENE UC-1625QB incluye una m\u00e1scara Serene UM-16 y un tubo USP-250. La m\u00e1scara UM-16 Serene se adapta suavemente al contorno de tu cara  Fabricada con silicona pura, la Serene ha sido elaborada para buceadores que desean un amplio campo de visi\u00f3n combinado con un dise\u00f1o de bajo volumen.<\/p>\n<p> El set de viaje para adultos SERENE UP-1521QB incluye una m\u00e1scara Serene M-16, un tubo USP-250 y un par de aletas UF-21. La m\u00e1scara UM-16 Serene se adapta suavemente al contorno de tu cara <\/p>\n<p> Las aletas UF-21 tienen un avanzado dise\u00f1o de pala larga multiflex, tecnolog\u00eda de canal de empuje para una propulsi\u00f3n superior y el calzante est\u00e1 fabricado con un compuesto suave y duradero dise\u00f1ado para ofrecer comodidad. El dise\u00f1o de tal\u00f3n abierto permite un ajuste r\u00e1pido y f\u00e1cil de la talla y la correa de silicona del tal\u00f3n aumenta la comodidad y la durabilidad. Esta aleta est\u00e1 dise\u00f1ada para proporcionar mucha potencia para su tama\u00f1o compacto. Las aletas son ligeras e ideales para viajar. Viene de serie con bolsa de viaje.  <\/p>\n<p>&nbsp;<\/p>\n<p><strong>Dimensiones:<\/strong><\/p>\n<p>18,7&#215;9,1&#215;3,9 pulg.<br \/>\n Peso del producto: 2,16<\/p>\n","protected":false},"excerpt":{"rendered":"<p>El set de viaje para adultos SERENE UC-1625QB incluye una m\u00e1scara Serene UM-16 y un tubo USP-250. La m\u00e1scara UM-16 Serene se adapta suavemente al contorno de tu cara.  Fabricada con silicona pura, la Serene ha sido elaborada para buceadores que desean un amplio campo de visi\u00f3n combinado con un dise\u00f1o de bajo volumen.<\/p>\n","protected":false},"featured_media":13762,"comment_status":"closed","ping_status":"closed","template":"","meta":{"_acf_changed":false},"product_cat":[419],"product_tag":[],"class_list":{"0":"post-18192","1":"product","2":"type-product","3":"status-publish","4":"has-post-thumbnail","6":"product_cat-sets-de-viaje-para-adultos","8":"first","9":"instock","10":"purchasable","11":"product-type-variable"},"acf":[],"_links":{"self":[{"href":"https:\/\/tusa.viewsite.link\/latin-america\/es\/wp-json\/wp\/v2\/product\/18192","targetHints":{"allow":["GET"]}}],"collection":[{"href":"https:\/\/tusa.viewsite.link\/latin-america\/es\/wp-json\/wp\/v2\/product"}],"about":[{"href":"https:\/\/tusa.viewsite.link\/latin-america\/es\/wp-json\/wp\/v2\/types\/product"}],"replies":[{"embeddable":true,"href":"https:\/\/tusa.viewsite.link\/latin-america\/es\/wp-json\/wp\/v2\/comments?post=18192"}],"wp:featuredmedia":[{"embeddable":true,"href":"https:\/\/tusa.viewsite.link\/latin-america\/es\/wp-json\/wp\/v2\/media\/13762"}],"wp:attachment":[{"href":"https:\/\/tusa.viewsite.link\/latin-america\/es\/wp-json\/wp\/v2\/media?parent=18192"}],"wp:term":[{"taxonomy":"product_cat","embeddable":true,"href":"https:\/\/tusa.viewsite.link\/latin-america\/es\/wp-json\/wp\/v2\/product_cat?post=18192"},{"taxonomy":"product_tag","embeddable":true,"href":"https:\/\/tusa.viewsite.link\/latin-america\/es\/wp-json\/wp\/v2\/product_tag?post=18192"}],"curies":[{"name":"wp","href":"https:\/\/api.w.org\/{rel}","templated":true}]}}