{"id":18182,"date":"2024-09-09T23:09:36","date_gmt":"2024-09-09T23:09:36","guid":{"rendered":"https:\/\/tusa.viewsite.link\/latin-america\/product\/francotirador-ii\/"},"modified":"2024-09-09T23:09:36","modified_gmt":"2024-09-09T23:09:36","slug":"francotirador-ii","status":"publish","type":"product","link":"https:\/\/tusa.viewsite.link\/latin-america\/es\/producto\/francotirador-ii\/","title":{"rendered":"Francotirador II"},"content":{"rendered":"<p>La gafa de competici\u00f3n ideal cuando cada fracci\u00f3n de segundo cuenta, la Sniper II ofrece funciones refinadas y un dise\u00f1o superior. Cambia tu ajuste r\u00e1pida y f\u00e1cilmente con las piezas nasales intercambiables de las gafas VIEW.   <\/p>\n<p>The small but comfortable eye seals allow the goggle to sit right in the eye socket decreasing water resistance and drag. The Sniper II goggle comes with 3 adjustable nose bridges for a better fit preventing lens warping, making it easier to don the goggle. This gives the ideal fit for any face. The simple but high-quality split head strap allows for a quick and easy adjustment.   <\/p>\n<p>&nbsp;<\/p>\n<p><strong>Dimensiones:<\/strong><\/p>\n<p>6.9 x 2.7 x 2 in<\/p>\n","protected":false},"excerpt":{"rendered":"<p>Las gafas de competici\u00f3n ideales cuando cada fracci\u00f3n de segundo cuenta, las Sniper II ofrecen funciones refinadas y un dise\u00f1o superior.<\/p>\n","protected":false},"featured_media":13936,"comment_status":"closed","ping_status":"closed","template":"","meta":{"_acf_changed":false},"product_cat":[413,421],"product_tag":[],"class_list":{"0":"post-18182","1":"product","2":"type-product","3":"status-publish","4":"has-post-thumbnail","6":"product_cat-todas-las-gafas","7":"product_cat-carreras","9":"first","10":"instock","11":"purchasable","12":"product-type-variable"},"acf":[],"_links":{"self":[{"href":"https:\/\/tusa.viewsite.link\/latin-america\/es\/wp-json\/wp\/v2\/product\/18182","targetHints":{"allow":["GET"]}}],"collection":[{"href":"https:\/\/tusa.viewsite.link\/latin-america\/es\/wp-json\/wp\/v2\/product"}],"about":[{"href":"https:\/\/tusa.viewsite.link\/latin-america\/es\/wp-json\/wp\/v2\/types\/product"}],"replies":[{"embeddable":true,"href":"https:\/\/tusa.viewsite.link\/latin-america\/es\/wp-json\/wp\/v2\/comments?post=18182"}],"wp:featuredmedia":[{"embeddable":true,"href":"https:\/\/tusa.viewsite.link\/latin-america\/es\/wp-json\/wp\/v2\/media\/13936"}],"wp:attachment":[{"href":"https:\/\/tusa.viewsite.link\/latin-america\/es\/wp-json\/wp\/v2\/media?parent=18182"}],"wp:term":[{"taxonomy":"product_cat","embeddable":true,"href":"https:\/\/tusa.viewsite.link\/latin-america\/es\/wp-json\/wp\/v2\/product_cat?post=18182"},{"taxonomy":"product_tag","embeddable":true,"href":"https:\/\/tusa.viewsite.link\/latin-america\/es\/wp-json\/wp\/v2\/product_tag?post=18182"}],"curies":[{"name":"wp","href":"https:\/\/api.w.org\/{rel}","templated":true}]}}