{"id":18142,"date":"2024-09-09T23:09:36","date_gmt":"2024-09-09T23:09:36","guid":{"rendered":"https:\/\/tusa.viewsite.link\/latin-america\/product\/splendive-set-de-viaje-seco-adulto\/"},"modified":"2024-09-09T23:09:36","modified_gmt":"2024-09-09T23:09:36","slug":"splendive-set-de-viaje-seco-adulto","status":"publish","type":"product","link":"https:\/\/tusa.viewsite.link\/latin-america\/es\/producto\/splendive-set-de-viaje-seco-adulto\/","title":{"rendered":"Splendive Set de Viaje Seco Adulto"},"content":{"rendered":"<p>El set de viaje seco Splendive incluye una m\u00e1scara de 2 ventanas con visi\u00f3n mejorada, tecnolog\u00eda de hebilla de ajuste EZ, lente de cristal templado ClearVu y fald\u00f3n y correa de silicona pura. The dry snorkel features TUSA Hyperdry Elite dry top technology (pat) that stops water from entering into the snorkel, a drain chamber and purge valve for easy clearing and silicone mouthpiece. The fins have an advanced multi-flex long blade design, thrust channel technology for superior propulsion and the foot pocket is made with a soft, durable compound designed for comfort. The open-heel design allows for quick and easy size adjustment and the silicone heel strap enhances comfort and durability. This fin is engineered to provide a lot of power for its compact size. The fins are lightweight and ideal for travel. Comes standard with travel bag. TUSA\u2019s industry leading 3 year warranty.      <\/p>\n<p>&nbsp;<\/p>\n<p><strong>Dimensiones:<\/strong><\/p>\n<p>40,64 x 22,86 x 10,16 cm<\/p>\n","protected":false},"excerpt":{"rendered":"<p>El set de viaje seco Splendive incluye una m\u00e1scara de 2 ventanas con visi\u00f3n mejorada, tecnolog\u00eda de hebilla de ajuste EZ, lente de cristal templado ClearVu y fald\u00f3n y correa de silicona pura.<\/p>\n","protected":false},"featured_media":13774,"comment_status":"closed","ping_status":"closed","template":"","meta":{"_acf_changed":false},"product_cat":[419],"product_tag":[],"class_list":{"0":"post-18142","1":"product","2":"type-product","3":"status-publish","4":"has-post-thumbnail","6":"product_cat-sets-de-viaje-para-adultos","8":"first","9":"instock","10":"purchasable","11":"product-type-variable"},"acf":[],"_links":{"self":[{"href":"https:\/\/tusa.viewsite.link\/latin-america\/es\/wp-json\/wp\/v2\/product\/18142","targetHints":{"allow":["GET"]}}],"collection":[{"href":"https:\/\/tusa.viewsite.link\/latin-america\/es\/wp-json\/wp\/v2\/product"}],"about":[{"href":"https:\/\/tusa.viewsite.link\/latin-america\/es\/wp-json\/wp\/v2\/types\/product"}],"replies":[{"embeddable":true,"href":"https:\/\/tusa.viewsite.link\/latin-america\/es\/wp-json\/wp\/v2\/comments?post=18142"}],"wp:featuredmedia":[{"embeddable":true,"href":"https:\/\/tusa.viewsite.link\/latin-america\/es\/wp-json\/wp\/v2\/media\/13774"}],"wp:attachment":[{"href":"https:\/\/tusa.viewsite.link\/latin-america\/es\/wp-json\/wp\/v2\/media?parent=18142"}],"wp:term":[{"taxonomy":"product_cat","embeddable":true,"href":"https:\/\/tusa.viewsite.link\/latin-america\/es\/wp-json\/wp\/v2\/product_cat?post=18142"},{"taxonomy":"product_tag","embeddable":true,"href":"https:\/\/tusa.viewsite.link\/latin-america\/es\/wp-json\/wp\/v2\/product_tag?post=18142"}],"curies":[{"name":"wp","href":"https:\/\/api.w.org\/{rel}","templated":true}]}}