{"id":18132,"date":"2024-09-09T23:09:36","date_gmt":"2024-09-09T23:09:36","guid":{"rendered":"https:\/\/tusa.viewsite.link\/latin-america\/product\/set-de-viaje-para-adultos-platina-hyperdry\/"},"modified":"2024-09-09T23:09:36","modified_gmt":"2024-09-09T23:09:36","slug":"set-de-viaje-para-adultos-platina-hyperdry","status":"publish","type":"product","link":"https:\/\/tusa.viewsite.link\/latin-america\/es\/producto\/set-de-viaje-para-adultos-platina-hyperdry\/","title":{"rendered":"Set de viaje para adultos Platina Hyperdry"},"content":{"rendered":"<p>El Set de viaje Platina Hyperdry para adultos incluye una m\u00e1scara UM-20, un tubo USP-160 y unas aletas UF0103. The UM-20 Mask is designed for maximum field of view, and features a high quality polycarbonate frame, EZ adjust buckle technology, and a ClearVu tempered glass lens. The USP-140 Snorkel features TUSA Hyperdry technology that reduces the chance of water flow into the snorkel. The snorkel also includes a drain chamber and purge valve for easy clearing, and a silicone mouthpiece.   Las Aletas UF0103 est\u00e1n dise\u00f1adas exclusivamente para viajar, con un dise\u00f1o de pala corta, un c\u00f3modo y suave calzante de tal\u00f3n abierto y una correa de silicona ajustable. The open-heel is designed for ease of entry and a secure fit. This sturdy fin is engineered to provide a lot of power for its small size. The set comes standard with a travel bag.  <\/p>\n<p>&nbsp;<\/p>\n<p><strong>Dimensiones:<\/strong><\/p>\n<p>17,56 x 12,76 x 5,79 pulg.<\/p>\n","protected":false},"excerpt":{"rendered":"<p>El Set de viaje Platina Hyperdry para adultos incluye una m\u00e1scara UM-20, un tubo USP-160 y unas aletas UF0103.<\/p>\n","protected":false},"featured_media":13749,"comment_status":"closed","ping_status":"closed","template":"","meta":{"_acf_changed":false},"product_cat":[419],"product_tag":[],"class_list":{"0":"post-18132","1":"product","2":"type-product","3":"status-publish","4":"has-post-thumbnail","6":"product_cat-sets-de-viaje-para-adultos","8":"first","9":"instock","10":"purchasable","11":"product-type-variable"},"acf":[],"_links":{"self":[{"href":"https:\/\/tusa.viewsite.link\/latin-america\/es\/wp-json\/wp\/v2\/product\/18132","targetHints":{"allow":["GET"]}}],"collection":[{"href":"https:\/\/tusa.viewsite.link\/latin-america\/es\/wp-json\/wp\/v2\/product"}],"about":[{"href":"https:\/\/tusa.viewsite.link\/latin-america\/es\/wp-json\/wp\/v2\/types\/product"}],"replies":[{"embeddable":true,"href":"https:\/\/tusa.viewsite.link\/latin-america\/es\/wp-json\/wp\/v2\/comments?post=18132"}],"wp:featuredmedia":[{"embeddable":true,"href":"https:\/\/tusa.viewsite.link\/latin-america\/es\/wp-json\/wp\/v2\/media\/13749"}],"wp:attachment":[{"href":"https:\/\/tusa.viewsite.link\/latin-america\/es\/wp-json\/wp\/v2\/media?parent=18132"}],"wp:term":[{"taxonomy":"product_cat","embeddable":true,"href":"https:\/\/tusa.viewsite.link\/latin-america\/es\/wp-json\/wp\/v2\/product_cat?post=18132"},{"taxonomy":"product_tag","embeddable":true,"href":"https:\/\/tusa.viewsite.link\/latin-america\/es\/wp-json\/wp\/v2\/product_tag?post=18132"}],"curies":[{"name":"wp","href":"https:\/\/api.w.org\/{rel}","templated":true}]}}