{"id":18126,"date":"2024-09-09T23:09:36","date_gmt":"2024-09-09T23:09:36","guid":{"rendered":"https:\/\/tusa.viewsite.link\/latin-america\/product\/mini-kleio-hyperdry-set-de-viaje-para-jovenes\/"},"modified":"2024-09-09T23:09:36","modified_gmt":"2024-09-09T23:09:36","slug":"mini-kleio-hyperdry-set-de-viaje-para-jovenes","status":"publish","type":"product","link":"https:\/\/tusa.viewsite.link\/latin-america\/es\/producto\/mini-kleio-hyperdry-set-de-viaje-para-jovenes\/","title":{"rendered":"Mini-Kleio Hyperdry Set de viaje para j\u00f3venes"},"content":{"rendered":"<p>El Set de viaje juvenil Mini-Kleio Hyperdry incluye una m\u00e1scara UM-2000, un tubo USP-140 y una aleta UF0103. The UM-2000 Mask is designed for maximum field of view. The mask features a high quality polycarbonate frame, EZ adjust buckle technology, and ClearVu tempered glass lens. The USP-140 Snorkel features TUSA Hyperdry technology that reduces the chance of water flow into the snorkel. Snorkel also includes a drain chamber and purge valve for easy clearing, and a silicone mouthpiece.    Las Aletas UF0103 est\u00e1n dise\u00f1adas exclusivamente para viajar, con un dise\u00f1o de pala corta, un c\u00f3modo y suave calzante de tal\u00f3n abierto y una correa de silicona ajustable. The open-heel is designed for ease of entry and a secure fit. This sturdy fin is engineered to provide a lot of power for its small size. The set comes standard with a travel bag. Fits youth ages 6-12.   <\/p>\n<p>&nbsp;<\/p>\n<p><strong>Dimensiones:<\/strong><\/p>\n<p>16 x 9 x 4 pulg.<\/p>\n","protected":false},"excerpt":{"rendered":"<p>El Set de viaje juvenil Mini-Kleio Hyperdry incluye una m\u00e1scara UM-2000, un tubo USP-140 y una aleta UF0103.<\/p>\n","protected":false},"featured_media":13869,"comment_status":"closed","ping_status":"closed","template":"","meta":{"_acf_changed":false},"product_cat":[418],"product_tag":[],"class_list":{"0":"post-18126","1":"product","2":"type-product","3":"status-publish","4":"has-post-thumbnail","6":"product_cat-juegos-de-viaje-para-jovenes","8":"first","9":"instock","10":"purchasable","11":"product-type-variable"},"acf":[],"_links":{"self":[{"href":"https:\/\/tusa.viewsite.link\/latin-america\/es\/wp-json\/wp\/v2\/product\/18126","targetHints":{"allow":["GET"]}}],"collection":[{"href":"https:\/\/tusa.viewsite.link\/latin-america\/es\/wp-json\/wp\/v2\/product"}],"about":[{"href":"https:\/\/tusa.viewsite.link\/latin-america\/es\/wp-json\/wp\/v2\/types\/product"}],"replies":[{"embeddable":true,"href":"https:\/\/tusa.viewsite.link\/latin-america\/es\/wp-json\/wp\/v2\/comments?post=18126"}],"wp:featuredmedia":[{"embeddable":true,"href":"https:\/\/tusa.viewsite.link\/latin-america\/es\/wp-json\/wp\/v2\/media\/13869"}],"wp:attachment":[{"href":"https:\/\/tusa.viewsite.link\/latin-america\/es\/wp-json\/wp\/v2\/media?parent=18126"}],"wp:term":[{"taxonomy":"product_cat","embeddable":true,"href":"https:\/\/tusa.viewsite.link\/latin-america\/es\/wp-json\/wp\/v2\/product_cat?post=18126"},{"taxonomy":"product_tag","embeddable":true,"href":"https:\/\/tusa.viewsite.link\/latin-america\/es\/wp-json\/wp\/v2\/product_tag?post=18126"}],"curies":[{"name":"wp","href":"https:\/\/api.w.org\/{rel}","templated":true}]}}