{"id":17932,"date":"2024-09-09T23:10:09","date_gmt":"2024-09-09T23:10:09","guid":{"rendered":"https:\/\/tusa.viewsite.link\/latin-america\/product\/kit-de-piezas-para-lentes-correctoras-vc580as-swipe\/"},"modified":"2024-09-09T23:10:09","modified_gmt":"2024-09-09T23:10:09","slug":"kit-de-piezas-para-lentes-correctoras-vc580as-swipe","status":"publish","type":"product","link":"https:\/\/tusa.viewsite.link\/latin-america\/es\/producto\/kit-de-piezas-para-lentes-correctoras-vc580as-swipe\/","title":{"rendered":"Kit de piezas para lentes correctoras VC580AS SWIPE"},"content":{"rendered":"<p>El VPS570A es un kit de piezas que te permite montar tus propias gafas \u00f3pticas SWIPE utilizando diferentes piezas nasales y ajustadores de correa. Viene con 3 piezas nasales de distintos tama\u00f1os, clips laterales,&nbsp; y una correa de silicona. El VPS570A es un kit dise\u00f1ado para las lentes correctoras SWIPE VC580AS (se necesitan 2 lentes). El kit puede ajustarse f\u00e1cilmente con clips laterales intercambiables que se sueltan r\u00e1pida y f\u00e1cilmente.   <\/p>\n<p>&nbsp;<\/p>\n<p><strong>Dimensiones:<\/strong><\/p>\n<p>.05 lb<\/p>\n","protected":false},"excerpt":{"rendered":"<p>El VPS570A es un kit de piezas que te permite montar tus propias gafas \u00f3pticas SWIPE utilizando diferentes piezas nasales y ajustadores de correa. Incluye 3 piezas nasales de distintos tama\u00f1os, clips laterales y una correa de silicona. <\/p>\n","protected":false},"featured_media":13899,"comment_status":"closed","ping_status":"closed","template":"","meta":{"_acf_changed":false},"product_cat":[416],"product_tag":[],"class_list":{"0":"post-17932","1":"product","2":"type-product","3":"status-publish","4":"has-post-thumbnail","6":"product_cat-lentes-correctoras","8":"first","9":"instock","10":"purchasable","11":"product-type-variable"},"acf":[],"_links":{"self":[{"href":"https:\/\/tusa.viewsite.link\/latin-america\/es\/wp-json\/wp\/v2\/product\/17932","targetHints":{"allow":["GET"]}}],"collection":[{"href":"https:\/\/tusa.viewsite.link\/latin-america\/es\/wp-json\/wp\/v2\/product"}],"about":[{"href":"https:\/\/tusa.viewsite.link\/latin-america\/es\/wp-json\/wp\/v2\/types\/product"}],"replies":[{"embeddable":true,"href":"https:\/\/tusa.viewsite.link\/latin-america\/es\/wp-json\/wp\/v2\/comments?post=17932"}],"wp:featuredmedia":[{"embeddable":true,"href":"https:\/\/tusa.viewsite.link\/latin-america\/es\/wp-json\/wp\/v2\/media\/13899"}],"wp:attachment":[{"href":"https:\/\/tusa.viewsite.link\/latin-america\/es\/wp-json\/wp\/v2\/media?parent=17932"}],"wp:term":[{"taxonomy":"product_cat","embeddable":true,"href":"https:\/\/tusa.viewsite.link\/latin-america\/es\/wp-json\/wp\/v2\/product_cat?post=17932"},{"taxonomy":"product_tag","embeddable":true,"href":"https:\/\/tusa.viewsite.link\/latin-america\/es\/wp-json\/wp\/v2\/product_tag?post=17932"}],"curies":[{"name":"wp","href":"https:\/\/api.w.org\/{rel}","templated":true}]}}