{"id":17874,"date":"2024-09-09T23:10:09","date_gmt":"2024-09-09T23:10:09","guid":{"rendered":"https:\/\/tusa.viewsite.link\/latin-america\/product\/gafa-swipe-junior-espejada\/"},"modified":"2024-09-09T23:10:09","modified_gmt":"2024-09-09T23:10:09","slug":"gafa-swipe-junior-espejada","status":"publish","type":"product","link":"https:\/\/tusa.viewsite.link\/latin-america\/es\/producto\/gafa-swipe-junior-espejada\/","title":{"rendered":"Gafa SWIPE Junior (Espejada)"},"content":{"rendered":"<p>La cumbre de los modelos j\u00fanior con gafas espejadas y aerodin\u00e1micas.La nueva tecnolog\u00eda antivaho SWIPE proporciona efectos antivaho 10 veces m\u00e1s tiempo.<\/p>\n<p>&nbsp;<\/p>\n<p><strong>Dimensiones:<\/strong><\/p>\n<p>8x3x3 in<br \/>\n 4 oz<\/p>\n","protected":false},"excerpt":{"rendered":"<p>La c\u00faspide de los modelos j\u00fanior con gafas espejadas y aerodin\u00e1micas.<\/p>\n","protected":false},"featured_media":14025,"comment_status":"closed","ping_status":"closed","template":"","meta":{"_acf_changed":false},"product_cat":[412,413],"product_tag":[],"class_list":{"0":"post-17874","1":"product","2":"type-product","3":"status-publish","4":"has-post-thumbnail","6":"product_cat-juventud","7":"product_cat-todas-las-gafas","9":"first","10":"instock","11":"purchasable","12":"product-type-variable"},"acf":[],"_links":{"self":[{"href":"https:\/\/tusa.viewsite.link\/latin-america\/es\/wp-json\/wp\/v2\/product\/17874","targetHints":{"allow":["GET"]}}],"collection":[{"href":"https:\/\/tusa.viewsite.link\/latin-america\/es\/wp-json\/wp\/v2\/product"}],"about":[{"href":"https:\/\/tusa.viewsite.link\/latin-america\/es\/wp-json\/wp\/v2\/types\/product"}],"replies":[{"embeddable":true,"href":"https:\/\/tusa.viewsite.link\/latin-america\/es\/wp-json\/wp\/v2\/comments?post=17874"}],"wp:featuredmedia":[{"embeddable":true,"href":"https:\/\/tusa.viewsite.link\/latin-america\/es\/wp-json\/wp\/v2\/media\/14025"}],"wp:attachment":[{"href":"https:\/\/tusa.viewsite.link\/latin-america\/es\/wp-json\/wp\/v2\/media?parent=17874"}],"wp:term":[{"taxonomy":"product_cat","embeddable":true,"href":"https:\/\/tusa.viewsite.link\/latin-america\/es\/wp-json\/wp\/v2\/product_cat?post=17874"},{"taxonomy":"product_tag","embeddable":true,"href":"https:\/\/tusa.viewsite.link\/latin-america\/es\/wp-json\/wp\/v2\/product_tag?post=17874"}],"curies":[{"name":"wp","href":"https:\/\/api.w.org\/{rel}","templated":true}]}}