{"id":21613,"date":"2024-09-09T23:07:50","date_gmt":"2024-09-09T23:07:50","guid":{"rendered":"https:\/\/tusa.viewsite.link\/europe\/product\/x-wing-bcd\/"},"modified":"2024-09-09T23:07:50","modified_gmt":"2024-09-09T23:07:50","slug":"x-wing-bcd","status":"publish","type":"product","link":"https:\/\/tusa.viewsite.link\/europe\/es\/producto\/x-wing-bcd\/","title":{"rendered":"X-Wing BCD"},"content":{"rendered":"<p>El chaleco BCJ-8000 X-Wing de inflado trasero es una combinaci\u00f3n ideal de lo t\u00e9cnico y lo recreativo. El Sistema de Arn\u00e9s Independiente patentado de TUSA y el Arn\u00e9s Estabilizador Definitivo se acoplan con una vejiga de herradura de nylon Cordura 500D de nuevo dise\u00f1o que ofrece la excelente sustentaci\u00f3n, comodidad y libertad de movimiento que requieren los buceadores m\u00e1s exigentes. El X-Wing se ha mejorado a\u00fan m\u00e1s con un respaldo de espuma 3D, el sistema integrado de carga de lastre A.W.L.S. II de nuevo dise\u00f1o, bolsillos traseros desmontables y bolsillo de malla para accesorios, y viene de serie con el revolucionario sistema de inflado\/desinflado Active Purge Assist de TUSA. <\/p>\n<p>&nbsp;<\/p>\n<p><strong>Dimensiones:<\/strong><\/p>\n<p>Tejido exterior: 500D CORDURA*<br \/>\nTejido Interno: Nylon 420D<br \/>\nV\u00e1lvulas de descarga: 3 (O.P.E.V. +2)<br \/>\nAnillas en D: 4 de resina<br \/>\n*CORDURA es una marca registrada de INVISTA Corporation en Estados Unidos.<br \/>\nCapacidad de elevaci\u00f3n: S: 29,2 lbf.\/M: 29,2 lbf.\/L: 40,5 lbf.\/XL: 40,5 lbf.<\/p>\n","protected":false},"excerpt":{"rendered":"<p>El chaleco BCJ-8000 X-Wing de inflado trasero es una combinaci\u00f3n ideal de lo t\u00e9cnico y lo recreativo.<\/p>\n","protected":false},"featured_media":21614,"comment_status":"closed","ping_status":"closed","template":"","meta":{"_acf_changed":false},"product_cat":[433],"product_tag":[],"class_list":{"0":"post-21613","1":"product","2":"type-product","3":"status-publish","4":"has-post-thumbnail","6":"product_cat-bcds-es","8":"first","9":"instock","10":"purchasable","11":"product-type-variable"},"acf":[],"_links":{"self":[{"href":"https:\/\/tusa.viewsite.link\/europe\/es\/wp-json\/wp\/v2\/product\/21613","targetHints":{"allow":["GET"]}}],"collection":[{"href":"https:\/\/tusa.viewsite.link\/europe\/es\/wp-json\/wp\/v2\/product"}],"about":[{"href":"https:\/\/tusa.viewsite.link\/europe\/es\/wp-json\/wp\/v2\/types\/product"}],"replies":[{"embeddable":true,"href":"https:\/\/tusa.viewsite.link\/europe\/es\/wp-json\/wp\/v2\/comments?post=21613"}],"wp:featuredmedia":[{"embeddable":true,"href":"https:\/\/tusa.viewsite.link\/europe\/es\/wp-json\/wp\/v2\/media\/21614"}],"wp:attachment":[{"href":"https:\/\/tusa.viewsite.link\/europe\/es\/wp-json\/wp\/v2\/media?parent=21613"}],"wp:term":[{"taxonomy":"product_cat","embeddable":true,"href":"https:\/\/tusa.viewsite.link\/europe\/es\/wp-json\/wp\/v2\/product_cat?post=21613"},{"taxonomy":"product_tag","embeddable":true,"href":"https:\/\/tusa.viewsite.link\/europe\/es\/wp-json\/wp\/v2\/product_tag?post=21613"}],"curies":[{"name":"wp","href":"https:\/\/api.w.org\/{rel}","templated":true}]}}