{"id":21582,"date":"2024-09-09T23:08:00","date_gmt":"2024-09-09T23:08:00","guid":{"rendered":"https:\/\/tusa.viewsite.link\/europe\/product\/ordenador-de-buceo-tc1\/"},"modified":"2024-09-09T23:08:00","modified_gmt":"2024-09-09T23:08:00","slug":"ordenador-de-buceo-tc1","status":"publish","type":"product","link":"https:\/\/tusa.viewsite.link\/europe\/es\/producto\/ordenador-de-buceo-tc1\/","title":{"rendered":"Ordenador de buceo TC1"},"content":{"rendered":"<p>El TC1 de TUSA es un elegante ordenador de mu\u00f1eca ideal para todos los buceadores. Ya sea tu ordenador principal o de reserva, el TC1 est\u00e1 aqu\u00ed para ti. La pantalla y el men\u00fa intuitivos no te dejar\u00e1n confundido. Una bater\u00eda LI-ION recargable de larga duraci\u00f3n mantiene tu TC1 funcionando con fuerza durante toda la jornada de inmersi\u00f3n. Bucea sin ruidos activando el modo vibraci\u00f3n del TC1. \u00a1Tus compa\u00f1eros de inmersi\u00f3n te lo agradecer\u00e1n!    <\/p>\n<p>&nbsp;<\/p>\n<p><strong>Dimensiones:<\/strong><\/p>\n","protected":false},"excerpt":{"rendered":"<p>El TC1 de TUSA es un elegante ordenador de mu\u00f1eca ideal para todos los buceadores.<\/p>\n","protected":false},"featured_media":21583,"comment_status":"closed","ping_status":"closed","template":"","meta":{"_acf_changed":false},"product_cat":[463],"product_tag":[],"class_list":{"0":"post-21582","1":"product","2":"type-product","3":"status-publish","4":"has-post-thumbnail","6":"product_cat-instrumentos","8":"first","9":"instock","10":"purchasable","11":"product-type-variable"},"acf":[],"_links":{"self":[{"href":"https:\/\/tusa.viewsite.link\/europe\/es\/wp-json\/wp\/v2\/product\/21582","targetHints":{"allow":["GET"]}}],"collection":[{"href":"https:\/\/tusa.viewsite.link\/europe\/es\/wp-json\/wp\/v2\/product"}],"about":[{"href":"https:\/\/tusa.viewsite.link\/europe\/es\/wp-json\/wp\/v2\/types\/product"}],"replies":[{"embeddable":true,"href":"https:\/\/tusa.viewsite.link\/europe\/es\/wp-json\/wp\/v2\/comments?post=21582"}],"wp:featuredmedia":[{"embeddable":true,"href":"https:\/\/tusa.viewsite.link\/europe\/es\/wp-json\/wp\/v2\/media\/21583"}],"wp:attachment":[{"href":"https:\/\/tusa.viewsite.link\/europe\/es\/wp-json\/wp\/v2\/media?parent=21582"}],"wp:term":[{"taxonomy":"product_cat","embeddable":true,"href":"https:\/\/tusa.viewsite.link\/europe\/es\/wp-json\/wp\/v2\/product_cat?post=21582"},{"taxonomy":"product_tag","embeddable":true,"href":"https:\/\/tusa.viewsite.link\/europe\/es\/wp-json\/wp\/v2\/product_tag?post=21582"}],"curies":[{"name":"wp","href":"https:\/\/api.w.org\/{rel}","templated":true}]}}