{"id":21295,"date":"2024-09-09T23:08:22","date_gmt":"2024-09-09T23:08:22","guid":{"rendered":"https:\/\/tusa.viewsite.link\/europe\/product\/regulador-rs-790\/"},"modified":"2024-09-09T23:08:22","modified_gmt":"2024-09-09T23:08:22","slug":"regulador-rs-790","status":"publish","type":"product","link":"https:\/\/tusa.viewsite.link\/europe\/es\/producto\/regulador-rs-790\/","title":{"rendered":"Regulador RS-790"},"content":{"rendered":"<p>Presentamos el regulador RS-790, otra prueba del compromiso de TUSA con el equipo de buceo de alto rendimiento. Fabricado con meticulosa atenci\u00f3n al detalle, este regulador ofrece una fiabilidad insuperable, incluso en las condiciones de buceo m\u00e1s exigentes. Con un dise\u00f1o innovador que supera a sus competidores, el RS-790 es un compa\u00f1ero perfecto para quienes aman explorar el mundo submarino.  <\/p>\n<p>&nbsp;<\/p>\n<p><strong>Dimensiones:<\/strong><\/p>\n","protected":false},"excerpt":{"rendered":"<p>El RS-790 ofrece rendimiento, durabilidad y comodidad, lo que lo convierte en la elecci\u00f3n ideal para los buceadores m\u00e1s exigentes.<\/p>\n","protected":false},"featured_media":13560,"comment_status":"closed","ping_status":"closed","template":"","meta":{"_acf_changed":false},"product_cat":[465],"product_tag":[],"class_list":{"0":"post-21295","1":"product","2":"type-product","3":"status-publish","4":"has-post-thumbnail","6":"product_cat-reguladores","8":"first","9":"instock","10":"purchasable","11":"product-type-variable"},"acf":[],"_links":{"self":[{"href":"https:\/\/tusa.viewsite.link\/europe\/es\/wp-json\/wp\/v2\/product\/21295","targetHints":{"allow":["GET"]}}],"collection":[{"href":"https:\/\/tusa.viewsite.link\/europe\/es\/wp-json\/wp\/v2\/product"}],"about":[{"href":"https:\/\/tusa.viewsite.link\/europe\/es\/wp-json\/wp\/v2\/types\/product"}],"replies":[{"embeddable":true,"href":"https:\/\/tusa.viewsite.link\/europe\/es\/wp-json\/wp\/v2\/comments?post=21295"}],"wp:featuredmedia":[{"embeddable":true,"href":"https:\/\/tusa.viewsite.link\/europe\/es\/wp-json\/wp\/v2\/media\/13560"}],"wp:attachment":[{"href":"https:\/\/tusa.viewsite.link\/europe\/es\/wp-json\/wp\/v2\/media?parent=21295"}],"wp:term":[{"taxonomy":"product_cat","embeddable":true,"href":"https:\/\/tusa.viewsite.link\/europe\/es\/wp-json\/wp\/v2\/product_cat?post=21295"},{"taxonomy":"product_tag","embeddable":true,"href":"https:\/\/tusa.viewsite.link\/europe\/es\/wp-json\/wp\/v2\/product_tag?post=21295"}],"curies":[{"name":"wp","href":"https:\/\/api.w.org\/{rel}","templated":true}]}}