{"id":21209,"date":"2024-09-09T23:08:41","date_gmt":"2024-09-09T23:08:41","guid":{"rendered":"https:\/\/tusa.viewsite.link\/europe\/product\/consola-analogica-de-3-indicadores\/"},"modified":"2024-09-09T23:08:41","modified_gmt":"2024-09-09T23:08:41","slug":"consola-analogica-de-3-indicadores","status":"publish","type":"product","link":"https:\/\/tusa.viewsite.link\/europe\/es\/producto\/consola-analogica-de-3-indicadores\/","title":{"rendered":"Consola anal\u00f3gica de 3 indicadores"},"content":{"rendered":"<p>La SCA-360 es una consola de 3 man\u00f3metros recientemente redise\u00f1ada que proporciona datos de inmersi\u00f3n continuos en un formato f\u00e1cil de leer. Ligero y eficiente, el SCA-360 incorpora una br\u00fajula de vista superior y lateral en el reverso de la consola y est\u00e1 dise\u00f1ado y fabricado seg\u00fan los r\u00edgidos est\u00e1ndares de calidad y rendimiento TUSA.<br \/>[break]<br \/>Un man\u00f3metro de presi\u00f3n de 5000psi\/400bar (4350psi\/300bar m\u00e1x.) y un profund\u00edmetro de 200ft\/60m incorporan los diales luminiscentes de almacenamiento de luz que son muy legibles en condiciones de oscuridad o baja visibilidad. Toda la esfera brilla lo suficiente para que sea ideal para el buceo nocturno o en zonas oscuras, pero no contiene materiales radiactivos. <br \/>\n&nbsp;<\/p>\n<p><strong>Dimensiones:<\/strong><\/p>\n<p>Dimensiones: 6,9 pulg. x 2,8 pulg.<br \/>\n 175 mm x 70 mm<\/p>\n","protected":false},"excerpt":{"rendered":"<p>La SCA-360 es una consola de 3 man\u00f3metros recientemente redise\u00f1ada que proporciona datos de inmersi\u00f3n continuos en un formato f\u00e1cil de leer.<\/p>\n","protected":false},"featured_media":13606,"comment_status":"closed","ping_status":"closed","template":"","meta":{"_acf_changed":false},"product_cat":[463],"product_tag":[],"class_list":{"0":"post-21209","1":"product","2":"type-product","3":"status-publish","4":"has-post-thumbnail","6":"product_cat-instrumentos","8":"first","9":"instock","10":"purchasable","11":"product-type-variable"},"acf":[],"_links":{"self":[{"href":"https:\/\/tusa.viewsite.link\/europe\/es\/wp-json\/wp\/v2\/product\/21209","targetHints":{"allow":["GET"]}}],"collection":[{"href":"https:\/\/tusa.viewsite.link\/europe\/es\/wp-json\/wp\/v2\/product"}],"about":[{"href":"https:\/\/tusa.viewsite.link\/europe\/es\/wp-json\/wp\/v2\/types\/product"}],"replies":[{"embeddable":true,"href":"https:\/\/tusa.viewsite.link\/europe\/es\/wp-json\/wp\/v2\/comments?post=21209"}],"wp:featuredmedia":[{"embeddable":true,"href":"https:\/\/tusa.viewsite.link\/europe\/es\/wp-json\/wp\/v2\/media\/13606"}],"wp:attachment":[{"href":"https:\/\/tusa.viewsite.link\/europe\/es\/wp-json\/wp\/v2\/media?parent=21209"}],"wp:term":[{"taxonomy":"product_cat","embeddable":true,"href":"https:\/\/tusa.viewsite.link\/europe\/es\/wp-json\/wp\/v2\/product_cat?post=21209"},{"taxonomy":"product_tag","embeddable":true,"href":"https:\/\/tusa.viewsite.link\/europe\/es\/wp-json\/wp\/v2\/product_tag?post=21209"}],"curies":[{"name":"wp","href":"https:\/\/api.w.org\/{rel}","templated":true}]}}