{"id":21162,"date":"2024-09-09T23:08:41","date_gmt":"2024-09-09T23:08:41","guid":{"rendered":"https:\/\/tusa.viewsite.link\/europe\/product\/aleta-vesna-hyflex\/"},"modified":"2024-09-09T23:08:41","modified_gmt":"2024-09-09T23:08:41","slug":"aleta-vesna-hyflex","status":"publish","type":"product","link":"https:\/\/tusa.viewsite.link\/europe\/es\/producto\/aleta-vesna-hyflex\/","title":{"rendered":"Aleta Vesna HyFlex"},"content":{"rendered":"<p>La SF0101 TUSA Hyflex Vesna combina el exclusivo dise\u00f1o de aletas de TUSA con los \u00faltimos materiales avanzados e innovaciones hidrodin\u00e1micas. TUSA Hyflex Vesna est\u00e1 propulsada por la exclusiva tecnolog\u00eda APS \u00abActive Pivoting System\u00bb de TUSA, una combinaci\u00f3n de orificios situados en una posici\u00f3n \u00fanica que reduce la resistencia al tiempo que mantiene una propulsi\u00f3n constante.<\/p>\n<p>&nbsp;<\/p>\n<p><strong>Dimensiones:<\/strong><\/p>\n","protected":false},"excerpt":{"rendered":"<p>La SF0101 TUSA Hyflex Vesna combina el exclusivo dise\u00f1o de aletas de TUSA con los \u00faltimos materiales avanzados e innovaciones hidrodin\u00e1micas.<\/p>\n","protected":false},"featured_media":14105,"comment_status":"closed","ping_status":"closed","template":"","meta":{"_acf_changed":false},"product_cat":[469],"product_tag":[],"class_list":{"0":"post-21162","1":"product","2":"type-product","3":"status-publish","4":"has-post-thumbnail","6":"product_cat-aletas-es","8":"first","9":"instock","10":"purchasable","11":"product-type-variable"},"acf":[],"_links":{"self":[{"href":"https:\/\/tusa.viewsite.link\/europe\/es\/wp-json\/wp\/v2\/product\/21162","targetHints":{"allow":["GET"]}}],"collection":[{"href":"https:\/\/tusa.viewsite.link\/europe\/es\/wp-json\/wp\/v2\/product"}],"about":[{"href":"https:\/\/tusa.viewsite.link\/europe\/es\/wp-json\/wp\/v2\/types\/product"}],"replies":[{"embeddable":true,"href":"https:\/\/tusa.viewsite.link\/europe\/es\/wp-json\/wp\/v2\/comments?post=21162"}],"wp:featuredmedia":[{"embeddable":true,"href":"https:\/\/tusa.viewsite.link\/europe\/es\/wp-json\/wp\/v2\/media\/14105"}],"wp:attachment":[{"href":"https:\/\/tusa.viewsite.link\/europe\/es\/wp-json\/wp\/v2\/media?parent=21162"}],"wp:term":[{"taxonomy":"product_cat","embeddable":true,"href":"https:\/\/tusa.viewsite.link\/europe\/es\/wp-json\/wp\/v2\/product_cat?post=21162"},{"taxonomy":"product_tag","embeddable":true,"href":"https:\/\/tusa.viewsite.link\/europe\/es\/wp-json\/wp\/v2\/product_tag?post=21162"}],"curies":[{"name":"wp","href":"https:\/\/api.w.org\/{rel}","templated":true}]}}