{"id":21037,"date":"2024-09-09T23:08:41","date_gmt":"2024-09-09T23:08:41","guid":{"rendered":"https:\/\/tusa.viewsite.link\/europe\/product\/mini-consola-de-3-indicadores\/"},"modified":"2024-09-09T23:08:41","modified_gmt":"2024-09-09T23:08:41","slug":"mini-consola-de-3-indicadores","status":"publish","type":"product","link":"https:\/\/tusa.viewsite.link\/europe\/es\/producto\/mini-consola-de-3-indicadores\/","title":{"rendered":"Mini consola de 3 indicadores"},"content":{"rendered":"<p>Consola compacta y ligera de 3 man\u00f3metros, la SCA-330T proporciona toda la informaci\u00f3n de inmersi\u00f3n que necesitas, en un tama\u00f1o mini. Este modelo incorpora una br\u00fajula de vista superior y lateral en el reverso y est\u00e1 dise\u00f1ado y fabricado seg\u00fan los r\u00edgidos est\u00e1ndares de calidad y rendimiento de TUSA. El SCA-330T es un complemento ideal para los buceadores que utilizan un ordenador de buceo de mu\u00f1eca como el IQ-650, el IQ-750 y el IQ-900. <\/p>\n<p>&nbsp;<\/p>\n<p><strong>Dimensiones:<\/strong><\/p>\n<p>Dimensiones: 7,1 pulg. x 2,2 pulg.<br \/>\n 180 mm x 55 mm<\/p>\n","protected":false},"excerpt":{"rendered":"<p>Consola compacta y ligera de 3 man\u00f3metros, la SCA-330T proporciona toda la informaci\u00f3n de inmersi\u00f3n que necesitas, en un tama\u00f1o mini.<\/p>\n","protected":false},"featured_media":14102,"comment_status":"closed","ping_status":"closed","template":"","meta":{"_acf_changed":false},"product_cat":[463],"product_tag":[],"class_list":{"0":"post-21037","1":"product","2":"type-product","3":"status-publish","4":"has-post-thumbnail","6":"product_cat-instrumentos","8":"first","9":"instock","10":"purchasable","11":"product-type-variable"},"acf":[],"_links":{"self":[{"href":"https:\/\/tusa.viewsite.link\/europe\/es\/wp-json\/wp\/v2\/product\/21037","targetHints":{"allow":["GET"]}}],"collection":[{"href":"https:\/\/tusa.viewsite.link\/europe\/es\/wp-json\/wp\/v2\/product"}],"about":[{"href":"https:\/\/tusa.viewsite.link\/europe\/es\/wp-json\/wp\/v2\/types\/product"}],"replies":[{"embeddable":true,"href":"https:\/\/tusa.viewsite.link\/europe\/es\/wp-json\/wp\/v2\/comments?post=21037"}],"wp:featuredmedia":[{"embeddable":true,"href":"https:\/\/tusa.viewsite.link\/europe\/es\/wp-json\/wp\/v2\/media\/14102"}],"wp:attachment":[{"href":"https:\/\/tusa.viewsite.link\/europe\/es\/wp-json\/wp\/v2\/media?parent=21037"}],"wp:term":[{"taxonomy":"product_cat","embeddable":true,"href":"https:\/\/tusa.viewsite.link\/europe\/es\/wp-json\/wp\/v2\/product_cat?post=21037"},{"taxonomy":"product_tag","embeddable":true,"href":"https:\/\/tusa.viewsite.link\/europe\/es\/wp-json\/wp\/v2\/product_tag?post=21037"}],"curies":[{"name":"wp","href":"https:\/\/api.w.org\/{rel}","templated":true}]}}