{"id":20910,"date":"2024-09-09T23:08:00","date_gmt":"2024-09-09T23:08:00","guid":{"rendered":"https:\/\/tusa.viewsite.link\/europe\/product\/mascara-zensee-con-correa-de-tela\/"},"modified":"2024-09-09T23:08:00","modified_gmt":"2024-09-09T23:08:00","slug":"mascara-zensee-con-correa-de-tela","status":"publish","type":"product","link":"https:\/\/tusa.viewsite.link\/europe\/es\/producto\/mascara-zensee-con-correa-de-tela\/","title":{"rendered":"M\u00e1scara Zensee con correa de tela"},"content":{"rendered":"<p>La primera m\u00e1scara de buceo sin marco de TUSA, con nuestra innovadora tecnolog\u00eda, visi\u00f3n panor\u00e1mica y dise\u00f1o ligero. La Correa de tela para m\u00e1scara a\u00f1ade un nuevo nivel de comodidad a la experiencia de buceo. Anti-slip grip and easy adjustment ensures a snug fit to the back of the head. The snorkel keeper ensures secure placement.  Ahora con una correa de tela.<\/p>\n<p>&nbsp;<\/p>\n<p><strong>Dimensiones:<\/strong><\/p>\n<p>Volumen interno: 13,1 ci \/ 215 cc<br \/>\n Dimensi\u00f3n del bastidor: 3,6 in x 6,5 in \/ 91 mm \u00d7 166 mm<br \/>\n Dimensi\u00f3n del ajuste: 4,5 in x 5,2 in \/ 113,5 mm \u00d7 133 mm<br \/>\n Peso: 7,6 oz \/ 214 g<\/p>\n","protected":false},"excerpt":{"rendered":"<p>La primera m\u00e1scara de buceo sin marco de TUSA, con nuestra innovadora tecnolog\u00eda, visi\u00f3n panor\u00e1mica y dise\u00f1o ligero.<\/p>\n","protected":false},"featured_media":13345,"comment_status":"closed","ping_status":"closed","template":"","meta":{"_acf_changed":false},"product_cat":[478],"product_tag":[],"class_list":{"0":"post-20910","1":"product","2":"type-product","3":"status-publish","4":"has-post-thumbnail","6":"product_cat-mascaras-es","8":"first","9":"instock","10":"purchasable","11":"product-type-variable"},"acf":[],"_links":{"self":[{"href":"https:\/\/tusa.viewsite.link\/europe\/es\/wp-json\/wp\/v2\/product\/20910","targetHints":{"allow":["GET"]}}],"collection":[{"href":"https:\/\/tusa.viewsite.link\/europe\/es\/wp-json\/wp\/v2\/product"}],"about":[{"href":"https:\/\/tusa.viewsite.link\/europe\/es\/wp-json\/wp\/v2\/types\/product"}],"replies":[{"embeddable":true,"href":"https:\/\/tusa.viewsite.link\/europe\/es\/wp-json\/wp\/v2\/comments?post=20910"}],"wp:featuredmedia":[{"embeddable":true,"href":"https:\/\/tusa.viewsite.link\/europe\/es\/wp-json\/wp\/v2\/media\/13345"}],"wp:attachment":[{"href":"https:\/\/tusa.viewsite.link\/europe\/es\/wp-json\/wp\/v2\/media?parent=20910"}],"wp:term":[{"taxonomy":"product_cat","embeddable":true,"href":"https:\/\/tusa.viewsite.link\/europe\/es\/wp-json\/wp\/v2\/product_cat?post=20910"},{"taxonomy":"product_tag","embeddable":true,"href":"https:\/\/tusa.viewsite.link\/europe\/es\/wp-json\/wp\/v2\/product_tag?post=20910"}],"curies":[{"name":"wp","href":"https:\/\/api.w.org\/{rel}","templated":true}]}}