{"id":20862,"date":"2024-09-09T23:08:22","date_gmt":"2024-09-09T23:08:22","guid":{"rendered":"https:\/\/tusa.viewsite.link\/europe\/product\/mascara-libertad-tri-quest\/"},"modified":"2024-09-09T23:08:22","modified_gmt":"2024-09-09T23:08:22","slug":"mascara-libertad-tri-quest","status":"publish","type":"product","link":"https:\/\/tusa.viewsite.link\/europe\/es\/producto\/mascara-libertad-tri-quest\/","title":{"rendered":"M\u00e1scara Libertad Tri-Quest"},"content":{"rendered":"<p>La M\u00e1scara M3001 Freedom Tri-Quest incorpora la Tecnolog\u00eda Freedom con ventanas laterales abovedadas patentadas de nuevo dise\u00f1o y una visi\u00f3n panor\u00e1mica ampliada a trav\u00e9s de una lente de 1 ventana. La M\u00e1scara Tri-Quest tiene una estructura de montura reducida para reducir los puntos ciegos y una correa tridimensional para un ajuste sin precedentes. <\/p>\n<p>&nbsp;<\/p>\n<p><strong>Dimensiones:<\/strong><\/p>\n<p>Volumen interno: 19,5 ci \/ 319 cc<br \/>\n Dimensi\u00f3n del bastidor: 3,5 in x 6,9 in \/ 89 mm x 177 mm<br \/>\n Dimensi\u00f3n del accesorio: 4.4 in x 5.1 in \/ 113 mm x 130 mm<br \/>\n Peso: 9.0 oz \/ 254 g<\/p>\n","protected":false},"excerpt":{"rendered":"<p>La M\u00e1scara Freedom Tri-Quest incorpora ventanas laterales abovedadas patentadas de nuevo dise\u00f1o y una visi\u00f3n panor\u00e1mica ampliada a trav\u00e9s de una lente de 1 ventana.<\/p>\n","protected":false},"featured_media":14078,"comment_status":"closed","ping_status":"closed","template":"","meta":{"_acf_changed":false},"product_cat":[478],"product_tag":[],"class_list":{"0":"post-20862","1":"product","2":"type-product","3":"status-publish","4":"has-post-thumbnail","6":"product_cat-mascaras-es","8":"first","9":"instock","10":"purchasable","11":"product-type-variable"},"acf":[],"_links":{"self":[{"href":"https:\/\/tusa.viewsite.link\/europe\/es\/wp-json\/wp\/v2\/product\/20862","targetHints":{"allow":["GET"]}}],"collection":[{"href":"https:\/\/tusa.viewsite.link\/europe\/es\/wp-json\/wp\/v2\/product"}],"about":[{"href":"https:\/\/tusa.viewsite.link\/europe\/es\/wp-json\/wp\/v2\/types\/product"}],"replies":[{"embeddable":true,"href":"https:\/\/tusa.viewsite.link\/europe\/es\/wp-json\/wp\/v2\/comments?post=20862"}],"wp:featuredmedia":[{"embeddable":true,"href":"https:\/\/tusa.viewsite.link\/europe\/es\/wp-json\/wp\/v2\/media\/14078"}],"wp:attachment":[{"href":"https:\/\/tusa.viewsite.link\/europe\/es\/wp-json\/wp\/v2\/media?parent=20862"}],"wp:term":[{"taxonomy":"product_cat","embeddable":true,"href":"https:\/\/tusa.viewsite.link\/europe\/es\/wp-json\/wp\/v2\/product_cat?post=20862"},{"taxonomy":"product_tag","embeddable":true,"href":"https:\/\/tusa.viewsite.link\/europe\/es\/wp-json\/wp\/v2\/product_tag?post=20862"}],"curies":[{"name":"wp","href":"https:\/\/api.w.org\/{rel}","templated":true}]}}