{"id":20308,"date":"2024-09-09T23:07:50","date_gmt":"2024-09-09T23:07:50","guid":{"rendered":"https:\/\/tusa.viewsite.link\/europe\/product\/bolsa-enrollable-de-malla\/"},"modified":"2024-09-09T23:07:50","modified_gmt":"2024-09-09T23:07:50","slug":"bolsa-enrollable-de-malla","status":"publish","type":"product","link":"https:\/\/tusa.viewsite.link\/europe\/es\/producto\/bolsa-enrollable-de-malla\/","title":{"rendered":"Bolsa enrollable de malla"},"content":{"rendered":"<p class=\"p1\">La Bolsa enrollable de malla BA0301 ofrece un amplio espacio para un equipo completo de buceo. Su resistente malla engomada y la abertura sobredimensionada del compartimento principal la convierten en la bolsa perfecta para los deportes acu\u00e1ticos. Las ruedas de deslizamiento suave y duradero son un gran a\u00f1adido a la bolsa, as\u00ed como un bolsillo interior, una correa para el hombro y dos asas de transporte resistentes.  <\/p>\n<p>&nbsp;<\/p>\n<p><strong>Dimensiones:<\/strong><\/p>\n<p>Dimensiones del producto: 29.9&#215;13.8&#215;11.8inch \/ 76x35x30cm<br \/>\nPeso del producto: 5.5lb.\/ 2,510g<br \/>\nCapacidad: 92L<\/p>\n","protected":false},"excerpt":{"rendered":"<p>La Bolsa enrollable de malla ofrece un amplio espacio para un equipo completo de buceo. La duradera malla engomada y la gran abertura del compartimento principal la convierten en la bolsa de viaje perfecta para los deportes acu\u00e1ticos. Las ruedas de deslizamiento suave y duradero son un gran a\u00f1adido a la bolsa, as\u00ed como un bolsillo interior, una correa para el hombro y dos asas de transporte resistentes.  <\/p>\n","protected":false},"featured_media":20309,"comment_status":"closed","ping_status":"closed","template":"","meta":{"_acf_changed":false},"product_cat":[475],"product_tag":[],"class_list":{"0":"post-20308","1":"product","2":"type-product","3":"status-publish","4":"has-post-thumbnail","6":"product_cat-bolsas","8":"first","9":"instock","10":"purchasable","11":"product-type-variable"},"acf":[],"_links":{"self":[{"href":"https:\/\/tusa.viewsite.link\/europe\/es\/wp-json\/wp\/v2\/product\/20308","targetHints":{"allow":["GET"]}}],"collection":[{"href":"https:\/\/tusa.viewsite.link\/europe\/es\/wp-json\/wp\/v2\/product"}],"about":[{"href":"https:\/\/tusa.viewsite.link\/europe\/es\/wp-json\/wp\/v2\/types\/product"}],"replies":[{"embeddable":true,"href":"https:\/\/tusa.viewsite.link\/europe\/es\/wp-json\/wp\/v2\/comments?post=20308"}],"wp:featuredmedia":[{"embeddable":true,"href":"https:\/\/tusa.viewsite.link\/europe\/es\/wp-json\/wp\/v2\/media\/20309"}],"wp:attachment":[{"href":"https:\/\/tusa.viewsite.link\/europe\/es\/wp-json\/wp\/v2\/media?parent=20308"}],"wp:term":[{"taxonomy":"product_cat","embeddable":true,"href":"https:\/\/tusa.viewsite.link\/europe\/es\/wp-json\/wp\/v2\/product_cat?post=20308"},{"taxonomy":"product_tag","embeddable":true,"href":"https:\/\/tusa.viewsite.link\/europe\/es\/wp-json\/wp\/v2\/product_tag?post=20308"}],"curies":[{"name":"wp","href":"https:\/\/api.w.org\/{rel}","templated":true}]}}