{"id":20273,"date":"2024-09-09T23:07:50","date_gmt":"2024-09-09T23:07:50","guid":{"rendered":"https:\/\/tusa.viewsite.link\/europe\/product\/aleta-de-pie-completo-solla\/"},"modified":"2024-09-09T23:07:50","modified_gmt":"2024-09-09T23:07:50","slug":"aleta-de-pie-completo-solla","status":"publish","type":"product","link":"https:\/\/tusa.viewsite.link\/europe\/es\/producto\/aleta-de-pie-completo-solla\/","title":{"rendered":"Aleta de pie completo Solla"},"content":{"rendered":"<p>La FF-23 es la versi\u00f3n de pie completo de la SF-22 Solla. Est\u00e1 impulsada por la tecnolog\u00eda ForcElast, que ofrece un rendimiento y una eficacia sin precedentes, nunca vistos en una aleta de pala tradicional. Adem\u00e1s de la tecnolog\u00eda ForcElast, la Solla cuenta con el dise\u00f1o de pala angulada (A.B.D.) de 20\u00ba patentado por TUSA, una pala optimizada de tres canales en forma de media luna con ra\u00edles laterales y respiraderos reforzados y una suave cavidad anat\u00f3mica para el pie.  <\/p>\n<p>&nbsp;<\/p>\n<p><strong>Dimensiones:<\/strong><\/p>\n","protected":false},"excerpt":{"rendered":"<p>El FF-23 es la versi\u00f3n de pie completo del SF-22 Solla<\/p>\n","protected":false},"featured_media":20274,"comment_status":"closed","ping_status":"closed","template":"","meta":{"_acf_changed":false},"product_cat":[469],"product_tag":[],"class_list":{"0":"post-20273","1":"product","2":"type-product","3":"status-publish","4":"has-post-thumbnail","6":"product_cat-aletas-es","8":"first","9":"instock","10":"purchasable","11":"product-type-variable"},"acf":[],"_links":{"self":[{"href":"https:\/\/tusa.viewsite.link\/europe\/es\/wp-json\/wp\/v2\/product\/20273","targetHints":{"allow":["GET"]}}],"collection":[{"href":"https:\/\/tusa.viewsite.link\/europe\/es\/wp-json\/wp\/v2\/product"}],"about":[{"href":"https:\/\/tusa.viewsite.link\/europe\/es\/wp-json\/wp\/v2\/types\/product"}],"replies":[{"embeddable":true,"href":"https:\/\/tusa.viewsite.link\/europe\/es\/wp-json\/wp\/v2\/comments?post=20273"}],"wp:featuredmedia":[{"embeddable":true,"href":"https:\/\/tusa.viewsite.link\/europe\/es\/wp-json\/wp\/v2\/media\/20274"}],"wp:attachment":[{"href":"https:\/\/tusa.viewsite.link\/europe\/es\/wp-json\/wp\/v2\/media?parent=20273"}],"wp:term":[{"taxonomy":"product_cat","embeddable":true,"href":"https:\/\/tusa.viewsite.link\/europe\/es\/wp-json\/wp\/v2\/product_cat?post=20273"},{"taxonomy":"product_tag","embeddable":true,"href":"https:\/\/tusa.viewsite.link\/europe\/es\/wp-json\/wp\/v2\/product_tag?post=20273"}],"curies":[{"name":"wp","href":"https:\/\/api.w.org\/{rel}","templated":true}]}}