{"id":20124,"date":"2024-09-09T23:08:56","date_gmt":"2024-09-09T23:08:56","guid":{"rendered":"https:\/\/tusa.viewsite.link\/europe\/product\/tubo-hyperdry-elite-ii\/"},"modified":"2024-09-09T23:08:56","modified_gmt":"2024-09-09T23:08:56","slug":"tubo-hyperdry-elite-ii","status":"publish","type":"product","link":"https:\/\/tusa.viewsite.link\/europe\/es\/producto\/tubo-hyperdry-elite-ii\/","title":{"rendered":"Tubo Hyperdry Elite II"},"content":{"rendered":"<p>Our Hyperdry Elite II comes with a distinctive, high flow purge design, incorporating a covered large diameter purge valve for a swift and effortless clearing. It diminishes the water lingering in the mouthpiece, making your dives more comfortable and enjoyable. <\/p>\n<p> We have equipped the snorkel with a comfort swivel for an easy-going fit, relieving you of the load on the mouthpiece. The ingenious swivel adapter enables easy slipping of the mask strap, providing you with hassle-free mounting. Its two-part construction facilitates the snorkel to rotate and attach in a horizontal position, adhering to your comfort first.  <\/p>\n<p>&nbsp;<\/p>\n<p><strong>Dimensiones:<\/strong><\/p>\n<p>Volumen interno: 9,1 ci \/ 149 cc<br \/>\n Dimensi\u00f3n: 17,9 in x 3,5 in \/ 454 mm x 89 mm<br \/>\n Peso: 5,7 oz x 161 g<\/p>\n","protected":false},"excerpt":{"rendered":"<p>El esn\u00f3rquel SP0101 Hyperdry Elite II combina todas las mejores caracter\u00edsticas de los esn\u00f3rquels TUSA en uno. Con una parte superior seca de perfil bajo y una c\u00e1mara de purga en \u00e1ngulo, permanecer seco nunca ha sido tan f\u00e1cil. <\/p>\n","protected":false},"featured_media":13435,"comment_status":"closed","ping_status":"closed","template":"","meta":{"_acf_changed":false},"product_cat":[471],"product_tag":[],"class_list":{"0":"post-20124","1":"product","2":"type-product","3":"status-publish","4":"has-post-thumbnail","6":"product_cat-tubos-de-buceo-es","8":"first","9":"instock","10":"purchasable","11":"product-type-variable"},"acf":[],"_links":{"self":[{"href":"https:\/\/tusa.viewsite.link\/europe\/es\/wp-json\/wp\/v2\/product\/20124","targetHints":{"allow":["GET"]}}],"collection":[{"href":"https:\/\/tusa.viewsite.link\/europe\/es\/wp-json\/wp\/v2\/product"}],"about":[{"href":"https:\/\/tusa.viewsite.link\/europe\/es\/wp-json\/wp\/v2\/types\/product"}],"replies":[{"embeddable":true,"href":"https:\/\/tusa.viewsite.link\/europe\/es\/wp-json\/wp\/v2\/comments?post=20124"}],"wp:featuredmedia":[{"embeddable":true,"href":"https:\/\/tusa.viewsite.link\/europe\/es\/wp-json\/wp\/v2\/media\/13435"}],"wp:attachment":[{"href":"https:\/\/tusa.viewsite.link\/europe\/es\/wp-json\/wp\/v2\/media?parent=20124"}],"wp:term":[{"taxonomy":"product_cat","embeddable":true,"href":"https:\/\/tusa.viewsite.link\/europe\/es\/wp-json\/wp\/v2\/product_cat?post=20124"},{"taxonomy":"product_tag","embeddable":true,"href":"https:\/\/tusa.viewsite.link\/europe\/es\/wp-json\/wp\/v2\/product_tag?post=20124"}],"curies":[{"name":"wp","href":"https:\/\/api.w.org\/{rel}","templated":true}]}}