{"id":19882,"date":"2024-09-09T23:08:56","date_gmt":"2024-09-09T23:08:56","guid":{"rendered":"https:\/\/tusa.viewsite.link\/europe\/product\/ss-81-segundo-seguro\/"},"modified":"2024-09-09T23:08:56","modified_gmt":"2024-09-09T23:08:56","slug":"ss-81-segundo-seguro","status":"publish","type":"product","link":"https:\/\/tusa.viewsite.link\/europe\/es\/producto\/ss-81-segundo-seguro\/","title":{"rendered":"SS-81 Segundo seguro"},"content":{"rendered":"<p>La segunda etapa segura TUSA SS-81 incorpora una palanca de ajuste Venturi en un dise\u00f1o de estuche compacto con una boquilla de dise\u00f1o ortop\u00e9dico. La segunda etapa, ligera y duradera, est\u00e1 fabricada para soportar un uso intensivo y mantener al mismo tiempo una transpirabilidad excepcional.Esta sencilla segunda etapa con v\u00e1lvula descendente no compensadora tiene un control Venturi para evitar el flujo libre durante la inmersi\u00f3n y para mejorar la resistencia a la respiraci\u00f3n cuando sea necesario. El ajuste de flujo Venturi facilita la respiraci\u00f3n controlando la direcci\u00f3n del aire a trav\u00e9s de la boquilla. El mando de control ajustable est\u00e1 dise\u00f1ado para controlar mejor la resistencia a la respiraci\u00f3n. El sistema de escape secuencial asistido (S.E.A.) ofrece al buceador menos resistencia al exhalar gracias a su exclusivo dise\u00f1o de doble escape. El buceador experimenta ciclos respiratorios suaves que reducen el consumo de aire y la fatiga.     <\/p>\n<p>&nbsp;<\/p>\n<p><strong>Dimensiones:<\/strong><\/p>\n","protected":false},"excerpt":{"rendered":"<p>El seguro-segundo SS-81 incorpora una palanca de ajuste venturi en un estuche de dise\u00f1o compacto con una boquilla de dise\u00f1o ortop\u00e9dico.<\/p>\n","protected":false},"featured_media":13588,"comment_status":"closed","ping_status":"closed","template":"","meta":{"_acf_changed":false},"product_cat":[465],"product_tag":[],"class_list":{"0":"post-19882","1":"product","2":"type-product","3":"status-publish","4":"has-post-thumbnail","6":"product_cat-reguladores","8":"first","9":"instock","10":"purchasable","11":"product-type-variable"},"acf":[],"_links":{"self":[{"href":"https:\/\/tusa.viewsite.link\/europe\/es\/wp-json\/wp\/v2\/product\/19882","targetHints":{"allow":["GET"]}}],"collection":[{"href":"https:\/\/tusa.viewsite.link\/europe\/es\/wp-json\/wp\/v2\/product"}],"about":[{"href":"https:\/\/tusa.viewsite.link\/europe\/es\/wp-json\/wp\/v2\/types\/product"}],"replies":[{"embeddable":true,"href":"https:\/\/tusa.viewsite.link\/europe\/es\/wp-json\/wp\/v2\/comments?post=19882"}],"wp:featuredmedia":[{"embeddable":true,"href":"https:\/\/tusa.viewsite.link\/europe\/es\/wp-json\/wp\/v2\/media\/13588"}],"wp:attachment":[{"href":"https:\/\/tusa.viewsite.link\/europe\/es\/wp-json\/wp\/v2\/media?parent=19882"}],"wp:term":[{"taxonomy":"product_cat","embeddable":true,"href":"https:\/\/tusa.viewsite.link\/europe\/es\/wp-json\/wp\/v2\/product_cat?post=19882"},{"taxonomy":"product_tag","embeddable":true,"href":"https:\/\/tusa.viewsite.link\/europe\/es\/wp-json\/wp\/v2\/product_tag?post=19882"}],"curies":[{"name":"wp","href":"https:\/\/api.w.org\/{rel}","templated":true}]}}