{"id":19867,"date":"2024-09-09T23:08:56","date_gmt":"2024-09-09T23:08:56","guid":{"rendered":"https:\/\/tusa.viewsite.link\/europe\/product\/regulador-de-inflado-alternativo-duo-air-ii\/"},"modified":"2024-09-09T23:08:56","modified_gmt":"2024-09-09T23:08:56","slug":"regulador-de-inflado-alternativo-duo-air-ii","status":"publish","type":"product","link":"https:\/\/tusa.viewsite.link\/europe\/es\/producto\/regulador-de-inflado-alternativo-duo-air-ii\/","title":{"rendered":"Regulador de inflado alternativo Duo Air II"},"content":{"rendered":"<p>El SS0002 Duo Air II es una fuente de aire alternativa que tambi\u00e9n te proporciona un inflador el\u00e9ctrico f\u00e1cil de manejar. The SS0002 features a power inflate button, manual inflate\/deflate button, large diameter purge button, and a low profile mouthpiece.<\/p>\n<p>&nbsp;<\/p>\n<p><strong>Dimensiones:<\/strong><\/p>\n","protected":false},"excerpt":{"rendered":"<p>El SS0002 Duo Air II es una fuente de aire alternativa que tambi\u00e9n te proporciona un inflador el\u00e9ctrico f\u00e1cil de manejar.<\/p>\n","protected":false},"featured_media":13583,"comment_status":"closed","ping_status":"closed","template":"","meta":{"_acf_changed":false},"product_cat":[465],"product_tag":[],"class_list":{"0":"post-19867","1":"product","2":"type-product","3":"status-publish","4":"has-post-thumbnail","6":"product_cat-reguladores","8":"first","9":"instock","10":"purchasable","11":"product-type-variable"},"acf":[],"_links":{"self":[{"href":"https:\/\/tusa.viewsite.link\/europe\/es\/wp-json\/wp\/v2\/product\/19867","targetHints":{"allow":["GET"]}}],"collection":[{"href":"https:\/\/tusa.viewsite.link\/europe\/es\/wp-json\/wp\/v2\/product"}],"about":[{"href":"https:\/\/tusa.viewsite.link\/europe\/es\/wp-json\/wp\/v2\/types\/product"}],"replies":[{"embeddable":true,"href":"https:\/\/tusa.viewsite.link\/europe\/es\/wp-json\/wp\/v2\/comments?post=19867"}],"wp:featuredmedia":[{"embeddable":true,"href":"https:\/\/tusa.viewsite.link\/europe\/es\/wp-json\/wp\/v2\/media\/13583"}],"wp:attachment":[{"href":"https:\/\/tusa.viewsite.link\/europe\/es\/wp-json\/wp\/v2\/media?parent=19867"}],"wp:term":[{"taxonomy":"product_cat","embeddable":true,"href":"https:\/\/tusa.viewsite.link\/europe\/es\/wp-json\/wp\/v2\/product_cat?post=19867"},{"taxonomy":"product_tag","embeddable":true,"href":"https:\/\/tusa.viewsite.link\/europe\/es\/wp-json\/wp\/v2\/product_tag?post=19867"}],"curies":[{"name":"wp","href":"https:\/\/api.w.org\/{rel}","templated":true}]}}