{"id":19764,"date":"2024-09-09T23:09:11","date_gmt":"2024-09-09T23:09:11","guid":{"rendered":"https:\/\/tusa.viewsite.link\/europe\/product\/combo-mascara-esnorquel-x-plore\/"},"modified":"2024-09-09T23:09:11","modified_gmt":"2024-09-09T23:09:11","slug":"combo-mascara-esnorquel-x-plore","status":"publish","type":"product","link":"https:\/\/tusa.viewsite.link\/europe\/es\/producto\/combo-mascara-esnorquel-x-plore\/","title":{"rendered":"Combo m\u00e1scara\/esn\u00f3rquel X-Plore"},"content":{"rendered":"<p>El combo m\u00e1scara\/esn\u00f3rquel X-Plore incluye una m\u00e1scara de bajo volumen y 2 ventanas de visi\u00f3n amplia con fald\u00f3n de silicona de bordes redondeados, el sistema de hebilla EZ y lentes de cristal templado. El esn\u00f3rquel incorpora la tecnolog\u00eda Hyperdry Elite, exclusiva de TUSA, que reduce el flujo de agua hacia el interior del esn\u00f3rquel, una c\u00e1mara de drenaje y una v\u00e1lvula de purga para facilitar la limpieza, y una boquilla de silicona alimentaria. <\/p>\n<p>&nbsp;<\/p>\n<p><strong>Dimensiones:<\/strong><\/p>\n<p>Dimensiones: 15,6 x 5,3 x 3,5<br \/>\n Peso del producto: 1,14 lb<\/p>\n","protected":false},"excerpt":{"rendered":"<p>El combo m\u00e1scara\/esn\u00f3rquel X-Plore incluye una m\u00e1scara de bajo volumen con 2 ventanas de visi\u00f3n amplia y el esn\u00f3rquel incorpora la tecnolog\u00eda Hyperdry Elite exclusiva de TUSA.<\/p>\n","protected":false},"featured_media":13698,"comment_status":"closed","ping_status":"closed","template":"","meta":{"_acf_changed":false},"product_cat":[451],"product_tag":[],"class_list":{"0":"post-19764","1":"product","2":"type-product","3":"status-publish","4":"has-post-thumbnail","6":"product_cat-combos-para-adultos","8":"first","9":"instock","10":"purchasable","11":"product-type-variable"},"acf":[],"_links":{"self":[{"href":"https:\/\/tusa.viewsite.link\/europe\/es\/wp-json\/wp\/v2\/product\/19764","targetHints":{"allow":["GET"]}}],"collection":[{"href":"https:\/\/tusa.viewsite.link\/europe\/es\/wp-json\/wp\/v2\/product"}],"about":[{"href":"https:\/\/tusa.viewsite.link\/europe\/es\/wp-json\/wp\/v2\/types\/product"}],"replies":[{"embeddable":true,"href":"https:\/\/tusa.viewsite.link\/europe\/es\/wp-json\/wp\/v2\/comments?post=19764"}],"wp:featuredmedia":[{"embeddable":true,"href":"https:\/\/tusa.viewsite.link\/europe\/es\/wp-json\/wp\/v2\/media\/13698"}],"wp:attachment":[{"href":"https:\/\/tusa.viewsite.link\/europe\/es\/wp-json\/wp\/v2\/media?parent=19764"}],"wp:term":[{"taxonomy":"product_cat","embeddable":true,"href":"https:\/\/tusa.viewsite.link\/europe\/es\/wp-json\/wp\/v2\/product_cat?post=19764"},{"taxonomy":"product_tag","embeddable":true,"href":"https:\/\/tusa.viewsite.link\/europe\/es\/wp-json\/wp\/v2\/product_tag?post=19764"}],"curies":[{"name":"wp","href":"https:\/\/api.w.org\/{rel}","templated":true}]}}