{"id":19721,"date":"2024-09-09T23:09:11","date_gmt":"2024-09-09T23:09:11","guid":{"rendered":"https:\/\/tusa.viewsite.link\/europe\/product\/zapato-aqua\/"},"modified":"2024-09-09T23:09:11","modified_gmt":"2024-09-09T23:09:11","slug":"zapato-aqua","status":"publish","type":"product","link":"https:\/\/tusa.viewsite.link\/europe\/es\/producto\/zapato-aqua\/","title":{"rendered":"Zapato Aqua"},"content":{"rendered":"<p>El slip on show UA0101 de TUSA Sport es un calzado acu\u00e1tico deslizante, ligero y de secado r\u00e1pido, ideal para cualquier tipo de deporte acu\u00e1tico. Great for beach, pool, boats or any watersports activity.<\/p>\n<p>&nbsp;<\/p>\n<p><strong>Dimensiones:<\/strong><\/p>\n<p>10 x 10 x 3 pulg.<\/p>\n","protected":false},"excerpt":{"rendered":"<p>El slip on show UA0101 de TUSA Sport es un calzado acu\u00e1tico deslizante, ligero y de secado r\u00e1pido, ideal para cualquier tipo de deporte acu\u00e1tico.<\/p>\n","protected":false},"featured_media":13779,"comment_status":"closed","ping_status":"closed","template":"","meta":{"_acf_changed":false},"product_cat":[461],"product_tag":[],"class_list":{"0":"post-19721","1":"product","2":"type-product","3":"status-publish","4":"has-post-thumbnail","6":"product_cat-accesorios-es-2","8":"first","9":"instock","10":"purchasable","11":"product-type-variable"},"acf":[],"_links":{"self":[{"href":"https:\/\/tusa.viewsite.link\/europe\/es\/wp-json\/wp\/v2\/product\/19721","targetHints":{"allow":["GET"]}}],"collection":[{"href":"https:\/\/tusa.viewsite.link\/europe\/es\/wp-json\/wp\/v2\/product"}],"about":[{"href":"https:\/\/tusa.viewsite.link\/europe\/es\/wp-json\/wp\/v2\/types\/product"}],"replies":[{"embeddable":true,"href":"https:\/\/tusa.viewsite.link\/europe\/es\/wp-json\/wp\/v2\/comments?post=19721"}],"wp:featuredmedia":[{"embeddable":true,"href":"https:\/\/tusa.viewsite.link\/europe\/es\/wp-json\/wp\/v2\/media\/13779"}],"wp:attachment":[{"href":"https:\/\/tusa.viewsite.link\/europe\/es\/wp-json\/wp\/v2\/media?parent=19721"}],"wp:term":[{"taxonomy":"product_cat","embeddable":true,"href":"https:\/\/tusa.viewsite.link\/europe\/es\/wp-json\/wp\/v2\/product_cat?post=19721"},{"taxonomy":"product_tag","embeddable":true,"href":"https:\/\/tusa.viewsite.link\/europe\/es\/wp-json\/wp\/v2\/product_tag?post=19721"}],"curies":[{"name":"wp","href":"https:\/\/api.w.org\/{rel}","templated":true}]}}