{"id":19678,"date":"2024-09-09T23:09:11","date_gmt":"2024-09-09T23:09:11","guid":{"rendered":"https:\/\/tusa.viewsite.link\/europe\/product\/tratamiento-super-antivaho\/"},"modified":"2024-09-09T23:09:11","modified_gmt":"2024-09-09T23:09:11","slug":"tratamiento-super-antivaho","status":"publish","type":"product","link":"https:\/\/tusa.viewsite.link\/europe\/es\/producto\/tratamiento-super-antivaho\/","title":{"rendered":"Tratamiento Super Antivaho"},"content":{"rendered":"<p>El tratamiento antivaho se presenta en una soluci\u00f3n no irritante. Es de larga duraci\u00f3n para evitar su aplicaci\u00f3n constante.  The solution comes as a high viscosity coat-on type. The anti-fog treatment is great for keeping swimming goggles and diving masks fog-free and it&#8217;s easy to use. <\/p>\n<p>&nbsp;<\/p>\n<p><strong>Dimensiones:<\/strong><\/p>\n<p>4,88 x 1,85 x 0,63 pulg.<\/p>\n","protected":false},"excerpt":{"rendered":"<p>El tratamiento antivaho se presenta en una soluci\u00f3n no irritante. Es de larga duraci\u00f3n para evitar su aplicaci\u00f3n constante. <\/p>\n","protected":false},"featured_media":13695,"comment_status":"closed","ping_status":"closed","template":"","meta":{"_acf_changed":false},"product_cat":[460],"product_tag":[],"class_list":{"0":"post-19678","1":"product","2":"type-product","3":"status-publish","4":"has-post-thumbnail","6":"product_cat-accesorios-es","8":"first","9":"instock","10":"purchasable","11":"product-type-simple"},"acf":[],"_links":{"self":[{"href":"https:\/\/tusa.viewsite.link\/europe\/es\/wp-json\/wp\/v2\/product\/19678","targetHints":{"allow":["GET"]}}],"collection":[{"href":"https:\/\/tusa.viewsite.link\/europe\/es\/wp-json\/wp\/v2\/product"}],"about":[{"href":"https:\/\/tusa.viewsite.link\/europe\/es\/wp-json\/wp\/v2\/types\/product"}],"replies":[{"embeddable":true,"href":"https:\/\/tusa.viewsite.link\/europe\/es\/wp-json\/wp\/v2\/comments?post=19678"}],"wp:featuredmedia":[{"embeddable":true,"href":"https:\/\/tusa.viewsite.link\/europe\/es\/wp-json\/wp\/v2\/media\/13695"}],"wp:attachment":[{"href":"https:\/\/tusa.viewsite.link\/europe\/es\/wp-json\/wp\/v2\/media?parent=19678"}],"wp:term":[{"taxonomy":"product_cat","embeddable":true,"href":"https:\/\/tusa.viewsite.link\/europe\/es\/wp-json\/wp\/v2\/product_cat?post=19678"},{"taxonomy":"product_tag","embeddable":true,"href":"https:\/\/tusa.viewsite.link\/europe\/es\/wp-json\/wp\/v2\/product_tag?post=19678"}],"curies":[{"name":"wp","href":"https:\/\/api.w.org\/{rel}","templated":true}]}}