{"id":19663,"date":"2024-09-09T23:09:11","date_gmt":"2024-09-09T23:09:11","guid":{"rendered":"https:\/\/tusa.viewsite.link\/europe\/product\/mascarilla-liberator-plus\/"},"modified":"2024-09-09T23:09:11","modified_gmt":"2024-09-09T23:09:11","slug":"mascarilla-liberator-plus","status":"publish","type":"product","link":"https:\/\/tusa.viewsite.link\/europe\/es\/producto\/mascarilla-liberator-plus\/","title":{"rendered":"Mascarilla Liberator Plus"},"content":{"rendered":"<p>La m\u00e1scara TM-5700 Liberator Plus suele ser la primera elecci\u00f3n de muchos buceadores, ya que ofrece comodidad y caracter\u00edsticas que se adaptan a la mayor\u00eda de rostros y estilos de buceo. The Liberator Plus blends high performance with high fashion. Lenses are carefully crafted to provide optical clarity and the silicone skirt assures a precise comfortable fit. TM-5700Q also gives you a broad choice of fashionable frame colors.  &nbsp; Like all TUSA masks, it incorporates a wide range of features to enhance comfort and provide clarity of vision.<br \/>\n&nbsp;<\/p>\n<p><strong>Dimensiones:<\/strong><\/p>\n<p>7.5 x 4.1 x 3.8 in<\/p>\n","protected":false},"excerpt":{"rendered":"<p>La m\u00e1scara TM-5700 Liberator Plus suele ser la primera elecci\u00f3n de muchos buceadores, ya que ofrece comodidad y caracter\u00edsticas que se adaptan a la mayor\u00eda de rostros y estilos de buceo.<\/p>\n","protected":false},"featured_media":14119,"comment_status":"closed","ping_status":"closed","template":"","meta":{"_acf_changed":false},"product_cat":[449],"product_tag":[],"class_list":{"0":"post-19663","1":"product","2":"type-product","3":"status-publish","4":"has-post-thumbnail","6":"product_cat-mascaras","8":"first","9":"instock","10":"purchasable","11":"product-type-variable"},"acf":[],"_links":{"self":[{"href":"https:\/\/tusa.viewsite.link\/europe\/es\/wp-json\/wp\/v2\/product\/19663","targetHints":{"allow":["GET"]}}],"collection":[{"href":"https:\/\/tusa.viewsite.link\/europe\/es\/wp-json\/wp\/v2\/product"}],"about":[{"href":"https:\/\/tusa.viewsite.link\/europe\/es\/wp-json\/wp\/v2\/types\/product"}],"replies":[{"embeddable":true,"href":"https:\/\/tusa.viewsite.link\/europe\/es\/wp-json\/wp\/v2\/comments?post=19663"}],"wp:featuredmedia":[{"embeddable":true,"href":"https:\/\/tusa.viewsite.link\/europe\/es\/wp-json\/wp\/v2\/media\/14119"}],"wp:attachment":[{"href":"https:\/\/tusa.viewsite.link\/europe\/es\/wp-json\/wp\/v2\/media?parent=19663"}],"wp:term":[{"taxonomy":"product_cat","embeddable":true,"href":"https:\/\/tusa.viewsite.link\/europe\/es\/wp-json\/wp\/v2\/product_cat?post=19663"},{"taxonomy":"product_tag","embeddable":true,"href":"https:\/\/tusa.viewsite.link\/europe\/es\/wp-json\/wp\/v2\/product_tag?post=19663"}],"curies":[{"name":"wp","href":"https:\/\/api.w.org\/{rel}","templated":true}]}}