{"id":19499,"date":"2024-09-09T23:09:23","date_gmt":"2024-09-09T23:09:23","guid":{"rendered":"https:\/\/tusa.viewsite.link\/europe\/product\/combo-juvenil-mini-kleio\/"},"modified":"2024-09-09T23:09:23","modified_gmt":"2024-09-09T23:09:23","slug":"combo-juvenil-mini-kleio","status":"publish","type":"product","link":"https:\/\/tusa.viewsite.link\/europe\/es\/producto\/combo-juvenil-mini-kleio\/","title":{"rendered":"Combo Juvenil Mini-Kleio"},"content":{"rendered":"<p>El combo de m\u00e1scara y tubo junior Mini-Kleio UC-2014 incluye una m\u00e1scara de 1 ventana de bajo volumen con visi\u00f3n mejorada, tecnolog\u00eda de hebilla de ajuste EZ, lente de cristal templado ClearVu y fald\u00f3n y correa de silicona pura. El esn\u00f3rquel incorpora la tecnolog\u00eda Hyperdry de TUSA que reduce el flujo de agua hacia el interior del esn\u00f3rquel, una c\u00e1mara de drenaje y v\u00e1lvula de purga para facilitar la limpieza y boquilla de silicona. El UC-2014 combina bien con nuestras aletas UF-14Z o UF-21. Se adapta a edades comprendidas entre los 6 y los 12 a\u00f1os.   <\/p>\n<p>&nbsp;<\/p>\n<p><strong>Dimensiones:<\/strong><\/p>\n<p>16 x 5 x 3 pulg.<\/p>\n","protected":false},"excerpt":{"rendered":"<p>El combo de m\u00e1scara y tubo junior UC-2014 Mini-Kleio incluye una m\u00e1scara de 1 ventana de bajo volumen con visi\u00f3n mejorada, el tubo cuenta con la tecnolog\u00eda Hyperdry de TUSA. Combina bien con nuestras aletas UF-14Z o UF-21. Se adapta a edades de 6 a 12 a\u00f1os.  <\/p>\n","protected":false},"featured_media":13855,"comment_status":"closed","ping_status":"closed","template":"","meta":{"_acf_changed":false},"product_cat":[453],"product_tag":[],"class_list":{"0":"post-19499","1":"product","2":"type-product","3":"status-publish","4":"has-post-thumbnail","6":"product_cat-combos-juveniles","8":"first","9":"instock","10":"purchasable","11":"product-type-variable"},"acf":[],"_links":{"self":[{"href":"https:\/\/tusa.viewsite.link\/europe\/es\/wp-json\/wp\/v2\/product\/19499","targetHints":{"allow":["GET"]}}],"collection":[{"href":"https:\/\/tusa.viewsite.link\/europe\/es\/wp-json\/wp\/v2\/product"}],"about":[{"href":"https:\/\/tusa.viewsite.link\/europe\/es\/wp-json\/wp\/v2\/types\/product"}],"replies":[{"embeddable":true,"href":"https:\/\/tusa.viewsite.link\/europe\/es\/wp-json\/wp\/v2\/comments?post=19499"}],"wp:featuredmedia":[{"embeddable":true,"href":"https:\/\/tusa.viewsite.link\/europe\/es\/wp-json\/wp\/v2\/media\/13855"}],"wp:attachment":[{"href":"https:\/\/tusa.viewsite.link\/europe\/es\/wp-json\/wp\/v2\/media?parent=19499"}],"wp:term":[{"taxonomy":"product_cat","embeddable":true,"href":"https:\/\/tusa.viewsite.link\/europe\/es\/wp-json\/wp\/v2\/product_cat?post=19499"},{"taxonomy":"product_tag","embeddable":true,"href":"https:\/\/tusa.viewsite.link\/europe\/es\/wp-json\/wp\/v2\/product_tag?post=19499"}],"curies":[{"name":"wp","href":"https:\/\/api.w.org\/{rel}","templated":true}]}}