{"id":19477,"date":"2024-09-09T23:09:23","date_gmt":"2024-09-09T23:09:23","guid":{"rendered":"https:\/\/tusa.viewsite.link\/europe\/product\/powerview-combo-seco-adulto-lente-espejo\/"},"modified":"2024-09-09T23:09:23","modified_gmt":"2024-09-09T23:09:23","slug":"powerview-combo-seco-adulto-lente-espejo","status":"publish","type":"product","link":"https:\/\/tusa.viewsite.link\/europe\/es\/producto\/powerview-combo-seco-adulto-lente-espejo\/","title":{"rendered":"Powerview Combo Seco Adulto (Lente Espejo)"},"content":{"rendered":"<p>El combo seco Powerview UC2425MQB incluye una m\u00e1scara de 2 ventanas de alta calidad con visi\u00f3n mejorada, tecnolog\u00eda de hebilla de ajuste EZ, lente de cristal templado ClearVu con elegante revestimiento de espejo, y fald\u00f3n y correa de silicona pura.<\/p>\n<p> El esn\u00f3rquel seco cuenta con la tecnolog\u00eda TUSA Hyperdry Elite dry top (pat p) que impide la entrada de agua en el esn\u00f3rquel, una c\u00e1mara de drenaje y v\u00e1lvula de purga para facilitar la limpieza y boquilla de silicona. <\/p>\n<p> El UC2425MQB combina bien con nuestras aletas UF-21.<\/p>\n<p>&nbsp;<\/p>\n<p><strong>Dimensiones:<\/strong><\/p>\n<p>17,3 x 9,4 x 3,5 pulg.<\/p>\n","protected":false},"excerpt":{"rendered":"<p>El combo seco Powerview UC2425MQB incluye una m\u00e1scara espejada de 2 ventanas de alta calidad con visi\u00f3n mejorada y un esn\u00f3rquel seco que incorpora la tecnolog\u00eda de parte superior seca Hyperdry Elite de TUSA.<\/p>\n","protected":false},"featured_media":13721,"comment_status":"closed","ping_status":"closed","template":"","meta":{"_acf_changed":false},"product_cat":[451],"product_tag":[],"class_list":{"0":"post-19477","1":"product","2":"type-product","3":"status-publish","4":"has-post-thumbnail","6":"product_cat-combos-para-adultos","8":"first","9":"instock","10":"purchasable","11":"product-type-variable"},"acf":[],"_links":{"self":[{"href":"https:\/\/tusa.viewsite.link\/europe\/es\/wp-json\/wp\/v2\/product\/19477","targetHints":{"allow":["GET"]}}],"collection":[{"href":"https:\/\/tusa.viewsite.link\/europe\/es\/wp-json\/wp\/v2\/product"}],"about":[{"href":"https:\/\/tusa.viewsite.link\/europe\/es\/wp-json\/wp\/v2\/types\/product"}],"replies":[{"embeddable":true,"href":"https:\/\/tusa.viewsite.link\/europe\/es\/wp-json\/wp\/v2\/comments?post=19477"}],"wp:featuredmedia":[{"embeddable":true,"href":"https:\/\/tusa.viewsite.link\/europe\/es\/wp-json\/wp\/v2\/media\/13721"}],"wp:attachment":[{"href":"https:\/\/tusa.viewsite.link\/europe\/es\/wp-json\/wp\/v2\/media?parent=19477"}],"wp:term":[{"taxonomy":"product_cat","embeddable":true,"href":"https:\/\/tusa.viewsite.link\/europe\/es\/wp-json\/wp\/v2\/product_cat?post=19477"},{"taxonomy":"product_tag","embeddable":true,"href":"https:\/\/tusa.viewsite.link\/europe\/es\/wp-json\/wp\/v2\/product_tag?post=19477"}],"curies":[{"name":"wp","href":"https:\/\/api.w.org\/{rel}","templated":true}]}}