{"id":19462,"date":"2024-09-09T23:09:23","date_gmt":"2024-09-09T23:09:23","guid":{"rendered":"https:\/\/tusa.viewsite.link\/europe\/product\/aleta-de-buceo\/"},"modified":"2024-09-09T23:09:23","modified_gmt":"2024-09-09T23:09:23","slug":"aleta-de-buceo","status":"publish","type":"product","link":"https:\/\/tusa.viewsite.link\/europe\/es\/producto\/aleta-de-buceo\/","title":{"rendered":"Aleta de buceo"},"content":{"rendered":"<p>Las aletas UF-21 tienen un avanzado dise\u00f1o de pala larga multiflex, tecnolog\u00eda de canal de empuje para una propulsi\u00f3n superior y el calzante est\u00e1 fabricado con un compuesto suave y duradero dise\u00f1ado para ofrecer comodidad. The open-heel design allows for quick and easy size adjustment and the silicone heel strap enhances comfort and durability. This fin is engineered to provide a lot of power for its compact size. The fins are lightweight and ideal for travel. TUSA\u2019s industry leading 3 year warranty.   <\/p>\n<p>&nbsp;<\/p>\n<p><strong>Dimensiones:<\/strong><\/p>\n<p>13 x 8 x 3 pulg.<\/p>\n","protected":false},"excerpt":{"rendered":"<p>Las aletas UF-21 tienen un avanzado dise\u00f1o de pala larga multiflex, tecnolog\u00eda de canal de empuje para una propulsi\u00f3n superior y el calzante est\u00e1 fabricado con un compuesto suave y duradero dise\u00f1ado para ofrecer comodidad.<\/p>\n","protected":false},"featured_media":13798,"comment_status":"closed","ping_status":"closed","template":"","meta":{"_acf_changed":false},"product_cat":[455],"product_tag":[],"class_list":{"0":"post-19462","1":"product","2":"type-product","3":"status-publish","4":"has-post-thumbnail","6":"product_cat-aletas","8":"first","9":"instock","10":"purchasable","11":"product-type-variable"},"acf":[],"_links":{"self":[{"href":"https:\/\/tusa.viewsite.link\/europe\/es\/wp-json\/wp\/v2\/product\/19462","targetHints":{"allow":["GET"]}}],"collection":[{"href":"https:\/\/tusa.viewsite.link\/europe\/es\/wp-json\/wp\/v2\/product"}],"about":[{"href":"https:\/\/tusa.viewsite.link\/europe\/es\/wp-json\/wp\/v2\/types\/product"}],"replies":[{"embeddable":true,"href":"https:\/\/tusa.viewsite.link\/europe\/es\/wp-json\/wp\/v2\/comments?post=19462"}],"wp:featuredmedia":[{"embeddable":true,"href":"https:\/\/tusa.viewsite.link\/europe\/es\/wp-json\/wp\/v2\/media\/13798"}],"wp:attachment":[{"href":"https:\/\/tusa.viewsite.link\/europe\/es\/wp-json\/wp\/v2\/media?parent=19462"}],"wp:term":[{"taxonomy":"product_cat","embeddable":true,"href":"https:\/\/tusa.viewsite.link\/europe\/es\/wp-json\/wp\/v2\/product_cat?post=19462"},{"taxonomy":"product_tag","embeddable":true,"href":"https:\/\/tusa.viewsite.link\/europe\/es\/wp-json\/wp\/v2\/product_tag?post=19462"}],"curies":[{"name":"wp","href":"https:\/\/api.w.org\/{rel}","templated":true}]}}