{"id":19444,"date":"2024-09-09T23:09:23","date_gmt":"2024-09-09T23:09:23","guid":{"rendered":"https:\/\/tusa.viewsite.link\/europe\/product\/combo-mascara-snorkel-adulto\/"},"modified":"2024-09-09T23:09:23","modified_gmt":"2024-09-09T23:09:23","slug":"combo-mascara-snorkel-adulto","status":"publish","type":"product","link":"https:\/\/tusa.viewsite.link\/europe\/es\/producto\/combo-mascara-snorkel-adulto\/","title":{"rendered":"Combo M\u00e1scara\/Snorkel Adulto"},"content":{"rendered":"<p>El Combo de M\u00e1scara y Tubo de Esn\u00f3rquel para Adulto incluye una m\u00e1scara de visi\u00f3n amplia de bajo volumen con fald\u00f3n de silicona de bordes redondeados, un sistema de hebilla de un solo toque y lentes de cristal templado. El esn\u00f3rquel incorpora la tecnolog\u00eda Hyperdry Elite exclusiva de TUSA, que reduce el flujo de agua hacia el interior del esn\u00f3rquel, y una c\u00e1mara de drenaje y v\u00e1lvula de purga para facilitar la limpieza. <\/p>\n<p>&nbsp;<\/p>\n<p><strong>Dimensiones:<\/strong><\/p>\n<p>Dimensiones: 15,6 x 5,3 x 3,5<br \/>\n Peso del producto: 1,16 lb<\/p>\n","protected":false},"excerpt":{"rendered":"<p>El Combo de M\u00e1scara y Tubo de Esn\u00f3rquel para Adulto incluye una m\u00e1scara de bajo volumen y amplia visi\u00f3n y un tubo de esn\u00f3rquel con la exclusiva tecnolog\u00eda Hyperdry Elite de TUSA.<\/p>\n","protected":false},"featured_media":13702,"comment_status":"closed","ping_status":"closed","template":"","meta":{"_acf_changed":false},"product_cat":[451],"product_tag":[],"class_list":{"0":"post-19444","1":"product","2":"type-product","3":"status-publish","4":"has-post-thumbnail","6":"product_cat-combos-para-adultos","8":"first","9":"instock","10":"purchasable","11":"product-type-variable"},"acf":[],"_links":{"self":[{"href":"https:\/\/tusa.viewsite.link\/europe\/es\/wp-json\/wp\/v2\/product\/19444","targetHints":{"allow":["GET"]}}],"collection":[{"href":"https:\/\/tusa.viewsite.link\/europe\/es\/wp-json\/wp\/v2\/product"}],"about":[{"href":"https:\/\/tusa.viewsite.link\/europe\/es\/wp-json\/wp\/v2\/types\/product"}],"replies":[{"embeddable":true,"href":"https:\/\/tusa.viewsite.link\/europe\/es\/wp-json\/wp\/v2\/comments?post=19444"}],"wp:featuredmedia":[{"embeddable":true,"href":"https:\/\/tusa.viewsite.link\/europe\/es\/wp-json\/wp\/v2\/media\/13702"}],"wp:attachment":[{"href":"https:\/\/tusa.viewsite.link\/europe\/es\/wp-json\/wp\/v2\/media?parent=19444"}],"wp:term":[{"taxonomy":"product_cat","embeddable":true,"href":"https:\/\/tusa.viewsite.link\/europe\/es\/wp-json\/wp\/v2\/product_cat?post=19444"},{"taxonomy":"product_tag","embeddable":true,"href":"https:\/\/tusa.viewsite.link\/europe\/es\/wp-json\/wp\/v2\/product_tag?post=19444"}],"curies":[{"name":"wp","href":"https:\/\/api.w.org\/{rel}","templated":true}]}}