{"id":19423,"date":"2024-09-09T23:09:23","date_gmt":"2024-09-09T23:09:23","guid":{"rendered":"https:\/\/tusa.viewsite.link\/europe\/product\/combo-seco-juvenil-mini-kleio\/"},"modified":"2024-09-09T23:09:23","modified_gmt":"2024-09-09T23:09:23","slug":"combo-seco-juvenil-mini-kleio","status":"publish","type":"product","link":"https:\/\/tusa.viewsite.link\/europe\/es\/producto\/combo-seco-juvenil-mini-kleio\/","title":{"rendered":"Combo Seco Juvenil Mini-Kleio"},"content":{"rendered":"<p>El combo de esn\u00f3rquel seco UC-2022 Mini-Kleio incluye una m\u00e1scara de 1 ventana de bajo volumen con visi\u00f3n mejorada, tecnolog\u00eda de hebilla de ajuste EZ, lente de cristal templado ClearVu y fald\u00f3n y correa de silicona pura. El esn\u00f3rquel seco cuenta con la tecnolog\u00eda TUSA Hyperdry Elite dry top (pat p) que impide la entrada de agua en el esn\u00f3rquel, una c\u00e1mara de drenaje y v\u00e1lvula de purga para facilitar la limpieza y boquilla de silicona. El UC-2022 combina bien con nuestras aletas UF-14Z o UF-21. Se adapta a edades comprendidas entre los 6 y los 12 a\u00f1os.   <\/p>\n<p>&nbsp;<\/p>\n<p><strong>Dimensiones:<\/strong><\/p>\n<p>19 x 10 x 5 pulg.<\/p>\n","protected":false},"excerpt":{"rendered":"<p>El combo de esn\u00f3rquel seco UC-2022 Mini-Kleio incluye una m\u00e1scara de 1 ventana de bajo volumen con visi\u00f3n mejorada y el esn\u00f3rquel seco cuenta con la tecnolog\u00eda de parte superior seca TUSA Hyperdry Elite. El UC-2022 combina bien con nuestras aletas UF-14Z o UF-21. Se adapta a edades de 6 a 12 a\u00f1os.  <\/p>\n","protected":false},"featured_media":13861,"comment_status":"closed","ping_status":"closed","template":"","meta":{"_acf_changed":false},"product_cat":[453],"product_tag":[],"class_list":{"0":"post-19423","1":"product","2":"type-product","3":"status-publish","4":"has-post-thumbnail","6":"product_cat-combos-juveniles","8":"first","9":"instock","10":"purchasable","11":"product-type-variable"},"acf":[],"_links":{"self":[{"href":"https:\/\/tusa.viewsite.link\/europe\/es\/wp-json\/wp\/v2\/product\/19423","targetHints":{"allow":["GET"]}}],"collection":[{"href":"https:\/\/tusa.viewsite.link\/europe\/es\/wp-json\/wp\/v2\/product"}],"about":[{"href":"https:\/\/tusa.viewsite.link\/europe\/es\/wp-json\/wp\/v2\/types\/product"}],"replies":[{"embeddable":true,"href":"https:\/\/tusa.viewsite.link\/europe\/es\/wp-json\/wp\/v2\/comments?post=19423"}],"wp:featuredmedia":[{"embeddable":true,"href":"https:\/\/tusa.viewsite.link\/europe\/es\/wp-json\/wp\/v2\/media\/13861"}],"wp:attachment":[{"href":"https:\/\/tusa.viewsite.link\/europe\/es\/wp-json\/wp\/v2\/media?parent=19423"}],"wp:term":[{"taxonomy":"product_cat","embeddable":true,"href":"https:\/\/tusa.viewsite.link\/europe\/es\/wp-json\/wp\/v2\/product_cat?post=19423"},{"taxonomy":"product_tag","embeddable":true,"href":"https:\/\/tusa.viewsite.link\/europe\/es\/wp-json\/wp\/v2\/product_tag?post=19423"}],"curies":[{"name":"wp","href":"https:\/\/api.w.org\/{rel}","templated":true}]}}