{"id":19390,"date":"2024-09-09T23:09:23","date_gmt":"2024-09-09T23:09:23","guid":{"rendered":"https:\/\/tusa.viewsite.link\/europe\/product\/combo-powerview-adulto-seco\/"},"modified":"2024-09-09T23:09:23","modified_gmt":"2024-09-09T23:09:23","slug":"combo-powerview-adulto-seco","status":"publish","type":"product","link":"https:\/\/tusa.viewsite.link\/europe\/es\/producto\/combo-powerview-adulto-seco\/","title":{"rendered":"Combo Powerview Adulto Seco"},"content":{"rendered":"<p>El combo seco Powerview incluye una m\u00e1scara de 2 ventanas de alta calidad con visi\u00f3n mejorada, tecnolog\u00eda de hebilla de ajuste EZ, lente de cristal templado ClearVu y fald\u00f3n y correa de silicona pura. El esn\u00f3rquel seco incorpora la tecnolog\u00eda TUSA Hyperdry Elite dry top (pat p) que impide la entrada de agua en el esn\u00f3rquel, una c\u00e1mara de drenaje y v\u00e1lvula de purga para facilitar la limpieza y eslab\u00f3n giratorio y boquilla de silicona pura. <\/p>\n<p>&nbsp;<\/p>\n<p><strong>Dimensiones:<\/strong><\/p>\n<p>18 x 14 x 8 pulg.<\/p>\n","protected":false},"excerpt":{"rendered":"<p>El combo seco Powerview incluye una m\u00e1scara de 2 ventanas de alta calidad con visi\u00f3n mejorada y el esn\u00f3rquel seco incorpora la tecnolog\u00eda TUSA Hyperdry Elite dry top.<\/p>\n","protected":false},"featured_media":13716,"comment_status":"closed","ping_status":"closed","template":"","meta":{"_acf_changed":false},"product_cat":[451],"product_tag":[],"class_list":{"0":"post-19390","1":"product","2":"type-product","3":"status-publish","4":"has-post-thumbnail","6":"product_cat-combos-para-adultos","8":"first","9":"instock","10":"purchasable","11":"product-type-variable"},"acf":[],"_links":{"self":[{"href":"https:\/\/tusa.viewsite.link\/europe\/es\/wp-json\/wp\/v2\/product\/19390","targetHints":{"allow":["GET"]}}],"collection":[{"href":"https:\/\/tusa.viewsite.link\/europe\/es\/wp-json\/wp\/v2\/product"}],"about":[{"href":"https:\/\/tusa.viewsite.link\/europe\/es\/wp-json\/wp\/v2\/types\/product"}],"replies":[{"embeddable":true,"href":"https:\/\/tusa.viewsite.link\/europe\/es\/wp-json\/wp\/v2\/comments?post=19390"}],"wp:featuredmedia":[{"embeddable":true,"href":"https:\/\/tusa.viewsite.link\/europe\/es\/wp-json\/wp\/v2\/media\/13716"}],"wp:attachment":[{"href":"https:\/\/tusa.viewsite.link\/europe\/es\/wp-json\/wp\/v2\/media?parent=19390"}],"wp:term":[{"taxonomy":"product_cat","embeddable":true,"href":"https:\/\/tusa.viewsite.link\/europe\/es\/wp-json\/wp\/v2\/product_cat?post=19390"},{"taxonomy":"product_tag","embeddable":true,"href":"https:\/\/tusa.viewsite.link\/europe\/es\/wp-json\/wp\/v2\/product_tag?post=19390"}],"curies":[{"name":"wp","href":"https:\/\/api.w.org\/{rel}","templated":true}]}}