{"id":19369,"date":"2024-09-09T23:09:23","date_gmt":"2024-09-09T23:09:23","guid":{"rendered":"https:\/\/tusa.viewsite.link\/europe\/product\/kleio-mini-fit-combo-juvenil\/"},"modified":"2024-09-09T23:09:23","modified_gmt":"2024-09-09T23:09:23","slug":"kleio-mini-fit-combo-juvenil","status":"publish","type":"product","link":"https:\/\/tusa.viewsite.link\/europe\/es\/producto\/kleio-mini-fit-combo-juvenil\/","title":{"rendered":"KLEIO mini FIT Combo Juvenil"},"content":{"rendered":"<p>El combo de m\u00e1scara y tubo para j\u00f3venes UC0211P KLEIO mini FIT incluye una m\u00e1scara de 1 ventana con un nuevo \u00abanillo de ajuste\u00bb que crea un sellado como ninguna otra m\u00e1scara y un sistema de correa y hebilla de nuevo dise\u00f1o, lente de cristal templado ClearVu y fald\u00f3n de silicona pura. El esn\u00f3rquel incorpora la tecnolog\u00eda Hyperdry de TUSA que reduce el flujo de agua hacia el interior del esn\u00f3rquel, boquilla de silicona pura y una junta de silicona flexible que reduce la tensi\u00f3n en la boca. Se adapta a edades de 6 a 12 a\u00f1os.  <\/p>\n<p>&nbsp;<\/p>\n<p><strong>Dimensiones:<\/strong><\/p>\n<p>17,5 x 7,1 x 2,5 pulg.<\/p>\n","protected":false},"excerpt":{"rendered":"<p>El combo de m\u00e1scara y tubo para j\u00f3venes KLEIO mini FIT UC0211P incluye una m\u00e1scara de 1 ventana con un nuevo \u00abanillo de ajuste\u00bb.<\/p>\n","protected":false},"featured_media":13850,"comment_status":"closed","ping_status":"closed","template":"","meta":{"_acf_changed":false},"product_cat":[453],"product_tag":[],"class_list":{"0":"post-19369","1":"product","2":"type-product","3":"status-publish","4":"has-post-thumbnail","6":"product_cat-combos-juveniles","8":"first","9":"instock","10":"purchasable","11":"product-type-variable"},"acf":[],"_links":{"self":[{"href":"https:\/\/tusa.viewsite.link\/europe\/es\/wp-json\/wp\/v2\/product\/19369","targetHints":{"allow":["GET"]}}],"collection":[{"href":"https:\/\/tusa.viewsite.link\/europe\/es\/wp-json\/wp\/v2\/product"}],"about":[{"href":"https:\/\/tusa.viewsite.link\/europe\/es\/wp-json\/wp\/v2\/types\/product"}],"replies":[{"embeddable":true,"href":"https:\/\/tusa.viewsite.link\/europe\/es\/wp-json\/wp\/v2\/comments?post=19369"}],"wp:featuredmedia":[{"embeddable":true,"href":"https:\/\/tusa.viewsite.link\/europe\/es\/wp-json\/wp\/v2\/media\/13850"}],"wp:attachment":[{"href":"https:\/\/tusa.viewsite.link\/europe\/es\/wp-json\/wp\/v2\/media?parent=19369"}],"wp:term":[{"taxonomy":"product_cat","embeddable":true,"href":"https:\/\/tusa.viewsite.link\/europe\/es\/wp-json\/wp\/v2\/product_cat?post=19369"},{"taxonomy":"product_tag","embeddable":true,"href":"https:\/\/tusa.viewsite.link\/europe\/es\/wp-json\/wp\/v2\/product_tag?post=19369"}],"curies":[{"name":"wp","href":"https:\/\/api.w.org\/{rel}","templated":true}]}}