{"id":19304,"date":"2024-09-09T23:09:23","date_gmt":"2024-09-09T23:09:23","guid":{"rendered":"https:\/\/tusa.viewsite.link\/europe\/product\/imprex-3d-combo-seco-adulto\/"},"modified":"2024-09-09T23:09:23","modified_gmt":"2024-09-09T23:09:23","slug":"imprex-3d-combo-seco-adulto","status":"publish","type":"product","link":"https:\/\/tusa.viewsite.link\/europe\/es\/producto\/imprex-3d-combo-seco-adulto\/","title":{"rendered":"Imprex 3D Combo Seco Adulto"},"content":{"rendered":"<p>El UC-3325 Imprex 3-D Dry incluye una m\u00e1scara de ventana \u00fanica que incorpora 2 ventanas laterales para mejorar la visi\u00f3n panor\u00e1mica y perif\u00e9rica, el sistema de purga nasal Hyperdry patentado por TUSA que permite vaciar la m\u00e1scara f\u00e1cilmente y sin complicaciones con una sola exhalaci\u00f3n, tecnolog\u00eda de hebilla de ajuste EZ, lente de cristal templado ClearVu y fald\u00f3n y correa de silicona pura. El esn\u00f3rquel seco incorpora la tecnolog\u00eda TUSA Hyperdry Elite dry top (pat p) que impide la entrada de agua en el esn\u00f3rquel, una c\u00e1mara de drenaje y v\u00e1lvula de purga para facilitar la limpieza y cuello y boquilla flexibles de silicona pura. El UC-3325 combina bien con nuestras aletas UF-14Z o UF-21.  <\/p>\n<p>&nbsp;<\/p>\n<p><strong>Dimensiones:<\/strong><\/p>\n<p>18 x 7 x 3 pulg.<\/p>\n","protected":false},"excerpt":{"rendered":"<p>La UC-3325 Imprex 3-D Dry incluye una m\u00e1scara de una sola ventana que incorpora 2 ventanas laterales para mejorar la visi\u00f3n panor\u00e1mica y perif\u00e9rica y un tubo seco con tecnolog\u00eda TUSA Hyperdry Elite dry top.<\/p>\n","protected":false},"featured_media":13730,"comment_status":"closed","ping_status":"closed","template":"","meta":{"_acf_changed":false},"product_cat":[451],"product_tag":[],"class_list":{"0":"post-19304","1":"product","2":"type-product","3":"status-publish","4":"has-post-thumbnail","6":"product_cat-combos-para-adultos","8":"first","9":"instock","10":"purchasable","11":"product-type-variable"},"acf":[],"_links":{"self":[{"href":"https:\/\/tusa.viewsite.link\/europe\/es\/wp-json\/wp\/v2\/product\/19304","targetHints":{"allow":["GET"]}}],"collection":[{"href":"https:\/\/tusa.viewsite.link\/europe\/es\/wp-json\/wp\/v2\/product"}],"about":[{"href":"https:\/\/tusa.viewsite.link\/europe\/es\/wp-json\/wp\/v2\/types\/product"}],"replies":[{"embeddable":true,"href":"https:\/\/tusa.viewsite.link\/europe\/es\/wp-json\/wp\/v2\/comments?post=19304"}],"wp:featuredmedia":[{"embeddable":true,"href":"https:\/\/tusa.viewsite.link\/europe\/es\/wp-json\/wp\/v2\/media\/13730"}],"wp:attachment":[{"href":"https:\/\/tusa.viewsite.link\/europe\/es\/wp-json\/wp\/v2\/media?parent=19304"}],"wp:term":[{"taxonomy":"product_cat","embeddable":true,"href":"https:\/\/tusa.viewsite.link\/europe\/es\/wp-json\/wp\/v2\/product_cat?post=19304"},{"taxonomy":"product_tag","embeddable":true,"href":"https:\/\/tusa.viewsite.link\/europe\/es\/wp-json\/wp\/v2\/product_tag?post=19304"}],"curies":[{"name":"wp","href":"https:\/\/api.w.org\/{rel}","templated":true}]}}